{"id":1216,"date":"2019-04-17T16:15:56","date_gmt":"2019-04-17T19:15:56","guid":{"rendered":"https:\/\/ifdc3-juj.infd.edu.ar\/sitio\/?page_id=1216"},"modified":"2023-03-23T09:42:53","modified_gmt":"2023-03-23T12:42:53","slug":"secretaria-academica-2019","status":"publish","type":"page","link":"https:\/\/ifdc3-juj.infd.edu.ar\/sitio\/secretaria-academica-2019\/","title":{"rendered":"SECRETARIA ACAD\u00c9MICA 2022"},"content":{"rendered":"<h1 style=\"text-align: center;\">\u00a0<\/h1>\n<h1 style=\"text-align: center;\">\u00a0<\/h1>\n<p>&nbsp;<\/p>\n<h1 style=\"text-align: center;\">\u00a0<\/h1>\n<hr \/>\n<h1 style=\"text-align: center;\">\u00a0<\/h1>\n<p><a href=\"https:\/\/ifdc3-juj.infd.edu.ar\/sitio\/wp-content\/uploads\/2020\/04\/811-1082-595-19-CADUCIDAD-DE-LOS-EFECTOS-ACADEMICOS-DE-LOS-DISE\u00d1OS-PARA-LA-FORMACION-DOCENTE-INICIAL-IMPLEMENTADOS-EN-LOS-IES.-19-3.pdf\"><strong>RESOLUCI\u00d3N N\u00b0 811-DES\/19<\/strong><\/a><\/p>\n<p><a href=\"https:\/\/ifdc3-juj.infd.edu.ar\/sitio\/wp-content\/uploads\/2020\/04\/Circular-N\u00b04-DES-20.pdf\"><strong>CIRCULAR N\u00b0 4-DES\/20<\/strong><\/a><\/p>\n<hr \/>\n<h2><span style=\"color: #ff9900;\">IMPORTANTE<\/span><\/h2>\n<p><strong>Secretar\u00eda Acad\u00e9mica informa:<\/strong><\/p>\n<p><strong>1) La diferentes solicitudes de tr\u00e1mites acad\u00e9micos (por ejemplo: constancias, anal\u00edticos, equivalencias, cambios de turno, etc.) se dar\u00e1n curso cuando se retomen las actividades luego del aislamiento social obligatorio, ya que \u00a0la documentaci\u00f3n respaldatoria se encuentra en\u00a0 la instituci\u00f3n.<\/strong><\/p>\n<p><strong>3) No se incluir\u00e1n estudiantes que no figuran en las n\u00f3minas de inscriptos, luego de haber transcurrido tres instancias de inscripci\u00f3n.<\/strong><\/p>\n<p><strong>4) Las solicitudes de modificaci\u00f3n o inclusi\u00f3n del \u00a0correo electr\u00f3nico personal, \u00a0por omisi\u00f3n o registro equivocado al momento de la inscripci\u00f3n, se efectuar\u00e1n \u00a0a trav\u00e9s de Secretar\u00eda Acad\u00e9mica. Los cambios se realizar\u00e1n gradualmente.<\/strong><\/p>\n<p><strong>5) Se regularizar\u00e1, en forma paulatina, la situaci\u00f3n de los estudiantes inscriptos en las diferentes unidades curriculares y que no recibieron la comunicaci\u00f3n para ingresar a las aulas virtuales.<\/strong><\/p>\n<p><strong>Muchas gracias.<\/strong><\/p>\n<hr \/>\n<h2 style=\"text-align: center;\">CONTACTO CON SECRETAR\u00cdA ACAD\u00c9MICA<\/h2>\n\n<div class=\"wpcf7 no-js\" id=\"wpcf7-f1963-o1\" lang=\"es-ES\" dir=\"ltr\">\n<div class=\"screen-reader-response\"><p role=\"status\" aria-live=\"polite\" aria-atomic=\"true\"><\/p> <ul><\/ul><\/div>\n<form action=\"\/sitio\/wp-json\/wp\/v2\/pages\/1216#wpcf7-f1963-o1\" method=\"post\" class=\"wpcf7-form init\" aria-label=\"Formulario de contacto\" novalidate=\"novalidate\" data-status=\"init\">\n<div style=\"display: none;\">\n<input type=\"hidden\" name=\"_wpcf7\" value=\"1963\" \/>\n<input type=\"hidden\" name=\"_wpcf7_version\" value=\"5.7.7\" \/>\n<input type=\"hidden\" name=\"_wpcf7_locale\" value=\"es_ES\" \/>\n<input type=\"hidden\" name=\"_wpcf7_unit_tag\" value=\"wpcf7-f1963-o1\" \/>\n<input type=\"hidden\" name=\"_wpcf7_container_post\" value=\"0\" \/>\n<input type=\"hidden\" name=\"_wpcf7_posted_data_hash\" value=\"\" \/>\n<input type=\"hidden\" name=\"_wpcf7_recaptcha_response\" value=\"\" \/>\n<\/div>\n<p><label> Tu nombre (requerido)<br \/>\n<span class=\"wpcf7-form-control-wrap\" data-name=\"your-name\"><input size=\"40\" class=\"wpcf7-form-control wpcf7-text wpcf7-validates-as-required\" aria-required=\"true\" aria-invalid=\"false\" value=\"\" type=\"text\" name=\"your-name\" \/><\/span> <\/label>\n<\/p>\n<p><label> Tu correo electr\u00f3nico (requerido)<br \/>\n<span class=\"wpcf7-form-control-wrap\" data-name=\"your-email\"><input size=\"40\" class=\"wpcf7-form-control wpcf7-text wpcf7-email wpcf7-validates-as-required wpcf7-validates-as-email\" aria-required=\"true\" aria-invalid=\"false\" value=\"\" type=\"email\" name=\"your-email\" \/><\/span> <\/label>\n<\/p>\n<p><label> Asunto<br \/>\n<span class=\"wpcf7-form-control-wrap\" data-name=\"your-subject\"><input size=\"40\" class=\"wpcf7-form-control wpcf7-text\" aria-invalid=\"false\" value=\"\" type=\"text\" name=\"your-subject\" \/><\/span> <\/label>\n<\/p>\n<p><label> Tu mensaje<br \/>\n<span class=\"wpcf7-form-control-wrap\" data-name=\"your-message\"><textarea cols=\"40\" rows=\"10\" class=\"wpcf7-form-control wpcf7-textarea\" aria-invalid=\"false\" name=\"your-message\"><\/textarea><\/span> <\/label>\n<\/p>\n<p><input class=\"wpcf7-form-control has-spinner wpcf7-submit\" type=\"submit\" value=\"Enviar\" \/>\n<\/p><p style=\"display: none !important;\"><label>&#916;<textarea name=\"_wpcf7_ak_hp_textarea\" cols=\"45\" rows=\"8\" maxlength=\"100\"><\/textarea><\/label><input type=\"hidden\" id=\"ak_js_1\" name=\"_wpcf7_ak_js\" value=\"146\"\/><script>document.getElementById( \"ak_js_1\" ).setAttribute( \"value\", ( new Date() ).getTime() );<\/script><\/p><div class=\"wpcf7-response-output\" aria-hidden=\"true\"><\/div>\n<\/form>\n<\/div>\n\n","protected":false},"excerpt":{"rendered":"<p>\u00a0 \u00a0 &nbsp; \u00a0 \u00a0 RESOLUCI\u00d3N N\u00b0 811-DES\/19 CIRCULAR N\u00b0 4-DES\/20 IMPORTANTE Secretar\u00eda Acad\u00e9mica informa: 1) La diferentes solicitudes de tr\u00e1mites acad\u00e9micos (por ejemplo: constancias, anal\u00edticos, equivalencias, cambios de turno, etc.) se dar\u00e1n curso cuando se retomen las actividades luego del aislamiento social obligatorio, ya que \u00a0la documentaci\u00f3n respaldatoria se encuentra en\u00a0 la instituci\u00f3n. 3) &#8230; <a title=\"SECRETARIA ACAD\u00c9MICA 2022\" class=\"read-more\" href=\"https:\/\/ifdc3-juj.infd.edu.ar\/sitio\/secretaria-academica-2019\/\" aria-label=\"More on SECRETARIA ACAD\u00c9MICA 2022\">[+]<\/a><\/p>\n","protected":false},"author":849,"featured_media":0,"parent":0,"menu_order":0,"comment_status":"closed","ping_status":"closed","template":"","meta":[],"acf":[],"_links":{"self":[{"href":"https:\/\/ifdc3-juj.infd.edu.ar\/sitio\/wp-json\/wp\/v2\/pages\/1216"}],"collection":[{"href":"https:\/\/ifdc3-juj.infd.edu.ar\/sitio\/wp-json\/wp\/v2\/pages"}],"about":[{"href":"https:\/\/ifdc3-juj.infd.edu.ar\/sitio\/wp-json\/wp\/v2\/types\/page"}],"author":[{"embeddable":true,"href":"https:\/\/ifdc3-juj.infd.edu.ar\/sitio\/wp-json\/wp\/v2\/users\/849"}],"replies":[{"embeddable":true,"href":"https:\/\/ifdc3-juj.infd.edu.ar\/sitio\/wp-json\/wp\/v2\/comments?post=1216"}],"version-history":[{"count":82,"href":"https:\/\/ifdc3-juj.infd.edu.ar\/sitio\/wp-json\/wp\/v2\/pages\/1216\/revisions"}],"predecessor-version":[{"id":3431,"href":"https:\/\/ifdc3-juj.infd.edu.ar\/sitio\/wp-json\/wp\/v2\/pages\/1216\/revisions\/3431"}],"wp:attachment":[{"href":"https:\/\/ifdc3-juj.infd.edu.ar\/sitio\/wp-json\/wp\/v2\/media?parent=1216"}],"curies":[{"name":"wp","href":"https:\/\/api.w.org\/{rel}","templated":true}]}}