{"id":5584,"date":"2024-12-16T08:36:42","date_gmt":"2024-12-16T11:36:42","guid":{"rendered":"https:\/\/ifdc3-juj.infd.edu.ar\/sitio\/?page_id=5584"},"modified":"2025-02-21T18:12:53","modified_gmt":"2025-02-21T21:12:53","slug":"preinscripciones-a-1er-ano-de-carreras-de-nivel-superior","status":"publish","type":"page","link":"https:\/\/ifdc3-juj.infd.edu.ar\/sitio\/preinscripciones-a-1er-ano-de-carreras-de-nivel-superior\/","title":{"rendered":"Preinscripciones a 1er a\u00f1o de carreras de nivel superior &#8211; 2025"},"content":{"rendered":"\n<p>El Ministerio de Educaci\u00f3n, por primera vez habilita una plataforma de gesti\u00f3n de la informaci\u00f3n denominada NEXO,&nbsp; \u00e9sta permitir\u00e1 la inscripci\u00f3n y posterior matriculaci\u00f3n de estudiantes de los Institutos de educaci\u00f3n superior, posibilitando el seguimiento de trayectorias educativas de los estudiantes de carreras de nivel superior de institutos de gesti\u00f3n estatal (IES).<\/p>\n\n\n\n<p>Para inicial el proceso de preinscripci\u00f3n los\/as aspirantes deben crearse un usuario\u00a0 en >> <a rel=\"noreferrer noopener\" href=\"https:\/\/nexo.jujuy.edu.ar:4200\/#\/auth\/login\" target=\"_blank\"><strong>NEXO<\/strong><\/a> , con este objeto se proporciona el siguiente >> <a rel=\"noreferrer noopener\" href=\"https:\/\/www.youtube.com\/watch?v=RDVFpJ3gAXs\" target=\"_blank\"><strong>TUTORIAL<\/strong><\/a><\/p>\n\n\n\n<p>Los\/as interesados\/as\u00a0 en cursar alguna carrera de nivel superior, tecnicatura o profesorado de los IES podr\u00e1n\u00a0 preinscribirse en diciembre\/24 y en febrero\/25 a trav\u00e9s de la plataforma <a rel=\"noreferrer noopener\" href=\"https:\/\/nexo.jujuy.edu.ar:4200\/#\/auth\/login\" target=\"_blank\"><strong>NEXO<\/strong><\/a>, de acuerdo con el siguiente <a href=\"https:\/\/ifdc3-juj.infd.edu.ar\/sitio\/wp-content\/uploads\/2025\/02\/Agenda-preinscripcion-25.png\" data-type=\"URL\" data-id=\"https:\/\/ifdc3-juj.infd.edu.ar\/sitio\/wp-content\/uploads\/2025\/02\/Agenda-preinscripcion-25.png\" target=\"_blank\" rel=\"noreferrer noopener\"><strong>CRONOGRAMA<\/strong> <strong>DE FEBRERO\/25<\/strong><\/a><\/p>\n\n\n\n<ul>\n<li>Al momento de completar el alta de usuario colocar correctamente los datos (CUIL y Correo electr\u00f3nico)<\/li>\n\n\n\n<li>Las fechas que se habilitan en la plataforma la preinscripci\u00f3n de cada carrera<\/li>\n\n\n\n<li><strong>Cada carrera tiene un cupo m\u00e1ximo<\/strong>, alcanzado ese cupo no se podr\u00e1 realizar la preinscripci\u00f3n<\/li>\n\n\n\n<li>Presentar la documentaci\u00f3n en tiempo y forma<\/li>\n\n\n\n<li>La preinscripci\u00f3n se puede realizar en m\u00e1s de una carrera<\/li>\n<\/ul>\n\n\n\n<p>Una vez realizada la preinscripci\u00f3n en el sistema, en un<strong> plazo m\u00e1ximo de 48 hs. h\u00e1biles<\/strong> deben presentar la<a href=\"https:\/\/ifdc3-juj.infd.edu.ar\/sitio\/wp-content\/uploads\/2024\/12\/Requisitos-para-la-preinscripcion.png\" data-type=\"URL\" data-id=\"https:\/\/ifdc3-juj.infd.edu.ar\/sitio\/wp-content\/uploads\/2024\/12\/Requisitos-para-la-preinscripcion.png\" target=\"_blank\" rel=\"noreferrer noopener\"><strong> documentaci\u00f3n<\/strong> <\/a>en la sede del instituto,&nbsp; posteriormente cuando se corrobore la documentaci\u00f3n, la instituci\u00f3n confirmar\u00e1 la inscripci\u00f3n y proporcionar\u00e1 toda la informaci\u00f3n necesaria para continuar exitosamente el proceso,  en caso <strong>de no presentar la documentaci\u00f3n en tiempo y forma<\/strong> har\u00e1 que se <em>desestime la preinscripci\u00f3n digital<\/em>.<\/p>\n\n\n\n<p>Cualquier inconveniente con la plataforma NEXO&nbsp; comunicarse a trav\u00e9s de mensajes al Whatsapp: 3884581033&nbsp; o nexo@jujuy.edu.ar<\/p>\n\n\n\n<p><strong>&gt;&gt; <a rel=\"noreferrer noopener\" href=\"https:\/\/ifdc3-juj.infd.edu.ar\/sitio\/carreras\/\" target=\"_blank\">Carreras docentes del IES 3<\/a><\/strong> &#8211; Sede San Salvador de Jujuy <\/p>\n\n\n\n<ul>\n<li><a href=\"https:\/\/ifdc3-juj.infd.edu.ar\/sitio\/wp-content\/uploads\/2024\/12\/Profesorado-E-Inicial.png\" data-type=\"URL\" data-id=\"https:\/\/ifdc3-juj.infd.edu.ar\/sitio\/wp-content\/uploads\/2024\/12\/Profesorado-E-Inicial.png\" target=\"_blank\" rel=\"noreferrer noopener\">Profesorado de Educaci\u00f3n Inicial<\/a>  &#8211; Turno ma\u00f1ana y tarde<\/li>\n<\/ul>\n\n\n\n<ul>\n<li><a href=\"https:\/\/ifdc3-juj.infd.edu.ar\/sitio\/wp-content\/uploads\/2024\/12\/Profesorado-E-Primaria-EPJA.png\" data-type=\"URL\" data-id=\"https:\/\/ifdc3-juj.infd.edu.ar\/sitio\/wp-content\/uploads\/2024\/12\/Profesorado-E-Primaria-EPJA.png\" target=\"_blank\" rel=\"noreferrer noopener\">Profesorado de Educaci\u00f3n Primaria con orientaci\u00f3n en Educaci\u00f3n Permanente de J\u00f3venes y Adultos<\/a>  (EPJA) &#8211; Turno Ma\u00f1ana<\/li>\n<\/ul>\n\n\n\n<ul>\n<li><a href=\"https:\/\/ifdc3-juj.infd.edu.ar\/sitio\/wp-content\/uploads\/2024\/12\/Profesorado-E-Primaria-EIB.png\" data-type=\"URL\" data-id=\"https:\/\/ifdc3-juj.infd.edu.ar\/sitio\/wp-content\/uploads\/2024\/12\/Profesorado-E-Primaria-EIB.png\" target=\"_blank\" rel=\"noreferrer noopener\">Profesorado de Educaci\u00f3n Primaria con orientaci\u00f3n en Educaci\u00f3n Intercultural Biling\u00fce<\/a> (EIB)  &#8211;  Turno Tarde<\/li>\n<\/ul>\n\n\n\n<p>&gt;&gt;<strong> Carrera de Tecnicatura Superior en Mantenimiento Industrial<\/strong> &#8211; IES 3 Sede Susques<\/p>\n\n\n\n<p>*** <strong>Para aspirantes EXTRANJEROS<\/strong>: <\/p>\n\n\n\n<p>         Tienen que <strong>enviar un mail a<\/strong>:   <a rel=\"noreferrer noopener\" href=\"mailto:nexo@jujuy.edu.ar\" target=\"_blank\">nexo@jujuy.edu.ar<\/a><br><strong>         Asunto: <\/strong>Creaci\u00f3n de usuario para extranjero<br><strong>         Datos personales:<\/strong> nombre completo, fecha de nacimiento, correo electr\u00f3nico y tel\u00e9fono<br><strong>         Adjuntar:<\/strong> copia del documento de identidad<\/p>\n\n\n\n<p><\/p>\n","protected":false},"excerpt":{"rendered":"<p>El Ministerio de Educaci\u00f3n, por primera vez habilita una plataforma de gesti\u00f3n de la informaci\u00f3n denominada NEXO,&nbsp; \u00e9sta permitir\u00e1 la inscripci\u00f3n y posterior matriculaci\u00f3n de estudiantes de los Institutos de educaci\u00f3n superior, posibilitando el seguimiento de trayectorias educativas de los estudiantes de carreras de nivel superior de institutos de gesti\u00f3n estatal (IES). Para inicial el &#8230; <a title=\"Preinscripciones a 1er a\u00f1o de carreras de nivel superior &#8211; 2025\" class=\"read-more\" href=\"https:\/\/ifdc3-juj.infd.edu.ar\/sitio\/preinscripciones-a-1er-ano-de-carreras-de-nivel-superior\/\" aria-label=\"More on Preinscripciones a 1er a\u00f1o de carreras de nivel superior &#8211; 2025\">[+]<\/a><\/p>\n","protected":false},"author":8528,"featured_media":0,"parent":0,"menu_order":0,"comment_status":"closed","ping_status":"closed","template":"","meta":[],"acf":[],"_links":{"self":[{"href":"https:\/\/ifdc3-juj.infd.edu.ar\/sitio\/wp-json\/wp\/v2\/pages\/5584"}],"collection":[{"href":"https:\/\/ifdc3-juj.infd.edu.ar\/sitio\/wp-json\/wp\/v2\/pages"}],"about":[{"href":"https:\/\/ifdc3-juj.infd.edu.ar\/sitio\/wp-json\/wp\/v2\/types\/page"}],"author":[{"embeddable":true,"href":"https:\/\/ifdc3-juj.infd.edu.ar\/sitio\/wp-json\/wp\/v2\/users\/8528"}],"replies":[{"embeddable":true,"href":"https:\/\/ifdc3-juj.infd.edu.ar\/sitio\/wp-json\/wp\/v2\/comments?post=5584"}],"version-history":[{"count":12,"href":"https:\/\/ifdc3-juj.infd.edu.ar\/sitio\/wp-json\/wp\/v2\/pages\/5584\/revisions"}],"predecessor-version":[{"id":5673,"href":"https:\/\/ifdc3-juj.infd.edu.ar\/sitio\/wp-json\/wp\/v2\/pages\/5584\/revisions\/5673"}],"wp:attachment":[{"href":"https:\/\/ifdc3-juj.infd.edu.ar\/sitio\/wp-json\/wp\/v2\/media?parent=5584"}],"curies":[{"name":"wp","href":"https:\/\/api.w.org\/{rel}","templated":true}]}}