{"id":5986,"date":"2025-05-23T18:35:22","date_gmt":"2025-05-23T21:35:22","guid":{"rendered":"https:\/\/ifdc3-juj.infd.edu.ar\/sitio\/?page_id=5986"},"modified":"2025-05-26T07:26:42","modified_gmt":"2025-05-26T10:26:42","slug":"curso-cuenta-cuentos-en-el-aula","status":"publish","type":"page","link":"https:\/\/ifdc3-juj.infd.edu.ar\/sitio\/curso-cuenta-cuentos-en-el-aula\/","title":{"rendered":"Curso: Cuenta cuentos en el aula"},"content":{"rendered":"\n<p><strong>** NOTA:<\/strong><\/p>\n\n\n\n<ul>\n<li>Antes de preinscribirse, revise su posibilidad de asistencia <strong>desde el inicio<\/strong><\/li>\n\n\n\n<li>Valor del curso<strong> $ 15.000<\/strong><\/li>\n<\/ul>\n\n\n\n<figure class=\"wp-block-image size-large\"><a href=\"https:\/\/ifdc3-juj.infd.edu.ar\/sitio\/wp-content\/uploads\/2025\/05\/Flyer-cuenta-cuentos.png\" target=\"_blank\" rel=\"noreferrer noopener\"><img decoding=\"async\" src=\"https:\/\/ifdc3-juj.infd.edu.ar\/sitio\/wp-content\/uploads\/2025\/05\/Flyer-cuenta-cuentos.png\" alt=\"\"\/><\/a><\/figure>\n\n\n\n<p><strong>PREINSCRIPCI\u00d3N:<\/strong> <\/p>\n\n\n\n<p>Los enlaces de preinscripci\u00f3n digital estar\u00e1n habilitados desde el lunes 26 de mayo a las 9:00 hs.<\/p>\n\n\n\n<ul>\n<li><a href=\"https:\/\/docs.google.com\/forms\/d\/e\/1FAIpQLSfuXtzBhQRg2439svj6RJ06L1MxGRxowB67p3JIMzLjw2hirg\/viewform?usp=dialog\" data-type=\"URL\" data-id=\"https:\/\/docs.google.com\/forms\/d\/e\/1FAIpQLSfuXtzBhQRg2439svj6RJ06L1MxGRxowB67p3JIMzLjw2hirg\/viewform?usp=dialog\" target=\"_blank\" rel=\"noreferrer noopener\">egresados del IES3<\/a><\/li>\n<\/ul>\n\n\n\n<ul>\n<li><a href=\"https:\/\/docs.google.com\/forms\/d\/e\/1FAIpQLScV1pAgbRbYyMU-x6fYsD0cD9rXU__dRiLtmxWTKajoH_68qw\/viewform?usp=dialog\" data-type=\"URL\" data-id=\"https:\/\/docs.google.com\/forms\/d\/e\/1FAIpQLScV1pAgbRbYyMU-x6fYsD0cD9rXU__dRiLtmxWTKajoH_68qw\/viewform?usp=dialog\" target=\"_blank\" rel=\"noreferrer noopener\">egresados de otros IES<\/a><\/li>\n<\/ul>\n\n\n\n<p>Los docentes admitidos <strong>ser\u00e1n notificado para que asistan a abonar  el curso <\/strong>en Secretar\u00eda Administrativa IES 3 &#8211; Independencia 755 &#8211; 1\u00b0 Piso.<\/p>\n\n\n\n<p> <\/p>\n","protected":false},"excerpt":{"rendered":"<p>** NOTA: PREINSCRIPCI\u00d3N: Los enlaces de preinscripci\u00f3n digital estar\u00e1n habilitados desde el lunes 26 de mayo a las 9:00 hs. Los docentes admitidos ser\u00e1n notificado para que asistan a abonar el curso en Secretar\u00eda Administrativa IES 3 &#8211; Independencia 755 &#8211; 1\u00b0 Piso.<\/p>\n","protected":false},"author":8528,"featured_media":0,"parent":0,"menu_order":0,"comment_status":"closed","ping_status":"closed","template":"","meta":[],"acf":[],"_links":{"self":[{"href":"https:\/\/ifdc3-juj.infd.edu.ar\/sitio\/wp-json\/wp\/v2\/pages\/5986"}],"collection":[{"href":"https:\/\/ifdc3-juj.infd.edu.ar\/sitio\/wp-json\/wp\/v2\/pages"}],"about":[{"href":"https:\/\/ifdc3-juj.infd.edu.ar\/sitio\/wp-json\/wp\/v2\/types\/page"}],"author":[{"embeddable":true,"href":"https:\/\/ifdc3-juj.infd.edu.ar\/sitio\/wp-json\/wp\/v2\/users\/8528"}],"replies":[{"embeddable":true,"href":"https:\/\/ifdc3-juj.infd.edu.ar\/sitio\/wp-json\/wp\/v2\/comments?post=5986"}],"version-history":[{"count":9,"href":"https:\/\/ifdc3-juj.infd.edu.ar\/sitio\/wp-json\/wp\/v2\/pages\/5986\/revisions"}],"predecessor-version":[{"id":6034,"href":"https:\/\/ifdc3-juj.infd.edu.ar\/sitio\/wp-json\/wp\/v2\/pages\/5986\/revisions\/6034"}],"wp:attachment":[{"href":"https:\/\/ifdc3-juj.infd.edu.ar\/sitio\/wp-json\/wp\/v2\/media?parent=5986"}],"curies":[{"name":"wp","href":"https:\/\/api.w.org\/{rel}","templated":true}]}}