{"id":6230,"date":"2025-08-25T16:22:57","date_gmt":"2025-08-25T19:22:57","guid":{"rendered":"https:\/\/ifdc3-juj.infd.edu.ar\/sitio\/?page_id=6230"},"modified":"2025-10-11T10:30:05","modified_gmt":"2025-10-11T13:30:05","slug":"iv-jornadas-de-investigacion-y-reflexion-de-practicas-docentes","status":"publish","type":"page","link":"https:\/\/ifdc3-juj.infd.edu.ar\/sitio\/iv-jornadas-de-investigacion-y-reflexion-de-practicas-docentes\/","title":{"rendered":"IV Jornadas de Investigaci\u00f3n y Reflexi\u00f3n de Pr\u00e1cticas Docentes"},"content":{"rendered":"\n<p><strong>II JORNADA INTERINSTITUCIONAL DE INVESTIGACI\u00d3N Y PRACTICAS PROFESIONALES DE CARRERAS DE FORMACI\u00d3N DOCENTE Y T\u00c9CNICA <\/strong><\/p>\n\n\n\n<figure class=\"wp-block-image size-large\"><a href=\"https:\/\/ifdc3-juj.infd.edu.ar\/sitio\/wp-content\/uploads\/2025\/09\/Flyer-jornadas-inv-25.jpeg\" target=\"_blank\" rel=\"noreferrer noopener\"><img decoding=\"async\" src=\"https:\/\/ifdc3-juj.infd.edu.ar\/sitio\/wp-content\/uploads\/2025\/09\/Flyer-jornadas-inv-25.jpeg\" alt=\"\"\/><\/a><\/figure>\n\n\n\n<h2 class=\"wp-block-heading\">&gt;&gt; <a rel=\"noreferrer noopener\" href=\"https:\/\/ifdc3-juj.infd.edu.ar\/sitio\/wp-content\/uploads\/2025\/08\/SEGUNDA-CIRCULAR-JORNADA-DE-INVESTIGACION-2025.pdf\" data-type=\"URL\" data-id=\"https:\/\/ifdc3-juj.infd.edu.ar\/sitio\/wp-content\/uploads\/2025\/08\/SEGUNDA-CIRCULAR-JORNADA-DE-INVESTIGACION-2025.pdf\" target=\"_blank\">Circular II &#8211; 2025<\/a><\/h2>\n\n\n\n<p>(metas &#8211; ejes tem\u00e1ticos &#8211; presentaci\u00f3n de trabajos) <\/p>\n\n\n\n<h2 class=\"wp-block-heading\">&gt;&gt; <a rel=\"noreferrer noopener\" href=\"https:\/\/ifdc3-juj.infd.edu.ar\/sitio\/wp-content\/uploads\/2025\/09\/Circular-N\u00b03.pdf\" data-type=\"URL\" data-id=\"https:\/\/ifdc3-juj.infd.edu.ar\/sitio\/wp-content\/uploads\/2025\/09\/Circular-N\u00b03.pdf\" target=\"_blank\">Circular III &#8211; 2025 <\/a><\/h2>\n\n\n\n<p>(Fechas de preinscripci\u00f3n &#8211; confirmaci\u00f3n de inscripci\u00f3n &#8211; valor del bono )<\/p>\n\n\n\n<h2 class=\"wp-block-heading\">&gt;&gt; <a href=\"https:\/\/ifdc3-juj.infd.edu.ar\/sitio\/wp-content\/uploads\/2025\/10\/Circular-N\u00b04-Jornadas-de-inv-2025.pdf\" data-type=\"URL\" data-id=\"https:\/\/ifdc3-juj.infd.edu.ar\/sitio\/wp-content\/uploads\/2025\/10\/Circular-N\u00b04-Jornadas-de-inv-2025.pdf\" target=\"_blank\" rel=\"noreferrer noopener\">Circular IV &#8211; 2025 <\/a><\/h2>\n\n\n\n<p>(Organizaci\u00f3n general  &#8211; agendas diarias)<\/p>\n\n\n\n<h2 class=\"wp-block-heading\">&gt;&gt; <a href=\"https:\/\/ifdc3-juj.infd.edu.ar\/sitio\/wp-content\/uploads\/2025\/10\/Circular-N\u00b05-Jornadas-de-inv-2025.pdf\" data-type=\"URL\" data-id=\"https:\/\/ifdc3-juj.infd.edu.ar\/sitio\/wp-content\/uploads\/2025\/10\/Circular-N\u00b05-Jornadas-de-inv-2025.pdf\" target=\"_blank\" rel=\"noreferrer noopener\">Circular V &#8211; 2025 <\/a><\/h2>\n\n\n\n<p>(Agendas: Dialogo con especialistas &#8211; mesas panel &#8211; exposiciones)<\/p>\n\n\n\n<p><strong>. . . . . . . . . . . . . . . <\/strong><\/p>\n\n\n\n<h2 class=\"wp-block-heading\"><strong>Agenda d\u00eda mi\u00e9rcoles 8<\/strong><\/h2>\n\n\n\n<ul>\n<li><a href=\"https:\/\/ifdc3-juj.infd.edu.ar\/sitio\/wp-content\/uploads\/2025\/10\/1-videoconferencia.png\" data-type=\"URL\" data-id=\"https:\/\/ifdc3-juj.infd.edu.ar\/sitio\/wp-content\/uploads\/2025\/10\/1-videoconferencia.png\" target=\"_blank\" rel=\"noreferrer noopener\">Videoconferencia<\/a><\/li>\n<\/ul>\n\n\n\n<ul>\n<li><a rel=\"noreferrer noopener\" href=\"https:\/\/ifdc3-juj.infd.edu.ar\/sitio\/wp-content\/uploads\/2025\/10\/Mesa-1.png\" data-type=\"URL\" data-id=\"https:\/\/ifdc3-juj.infd.edu.ar\/sitio\/wp-content\/uploads\/2025\/10\/Mesa-1.png\" target=\"_blank\">Mesa 1<\/a><\/li>\n\n\n\n<li><a rel=\"noreferrer noopener\" href=\"https:\/\/ifdc3-juj.infd.edu.ar\/sitio\/wp-content\/uploads\/2025\/10\/Mesa-2.png\" data-type=\"URL\" data-id=\"https:\/\/ifdc3-juj.infd.edu.ar\/sitio\/wp-content\/uploads\/2025\/10\/Mesa-2.png\" target=\"_blank\">Mesa 2<\/a><\/li>\n\n\n\n<li><a rel=\"noreferrer noopener\" href=\"https:\/\/ifdc3-juj.infd.edu.ar\/sitio\/wp-content\/uploads\/2025\/10\/Mesa-3.png\" data-type=\"URL\" data-id=\"https:\/\/ifdc3-juj.infd.edu.ar\/sitio\/wp-content\/uploads\/2025\/10\/Mesa-3.png\" target=\"_blank\">Mesa 3<\/a><\/li>\n\n\n\n<li><a rel=\"noreferrer noopener\" href=\"https:\/\/ifdc3-juj.infd.edu.ar\/sitio\/wp-content\/uploads\/2025\/10\/Mesa-4.png\" data-type=\"URL\" data-id=\"https:\/\/ifdc3-juj.infd.edu.ar\/sitio\/wp-content\/uploads\/2025\/10\/Mesa-4.png\" target=\"_blank\">Mesa 4<\/a><\/li>\n\n\n\n<li><a rel=\"noreferrer noopener\" href=\"https:\/\/ifdc3-juj.infd.edu.ar\/sitio\/wp-content\/uploads\/2025\/10\/Mesa-5.png\" data-type=\"URL\" data-id=\"https:\/\/ifdc3-juj.infd.edu.ar\/sitio\/wp-content\/uploads\/2025\/10\/Mesa-5.png\" target=\"_blank\">Mesa 5<\/a><\/li>\n\n\n\n<li><a rel=\"noreferrer noopener\" href=\"https:\/\/ifdc3-juj.infd.edu.ar\/sitio\/wp-content\/uploads\/2025\/10\/Mesa-6.png\" data-type=\"URL\" data-id=\"https:\/\/ifdc3-juj.infd.edu.ar\/sitio\/wp-content\/uploads\/2025\/10\/Mesa-6.png\" target=\"_blank\">Mesa 6<\/a><\/li>\n\n\n\n<li><a rel=\"noreferrer noopener\" href=\"https:\/\/ifdc3-juj.infd.edu.ar\/sitio\/wp-content\/uploads\/2025\/10\/Mesa-7.png\" data-type=\"URL\" data-id=\"https:\/\/ifdc3-juj.infd.edu.ar\/sitio\/wp-content\/uploads\/2025\/10\/Mesa-7.png\" target=\"_blank\">Mesa 7<\/a><\/li>\n\n\n\n<li><a rel=\"noreferrer noopener\" href=\"https:\/\/ifdc3-juj.infd.edu.ar\/sitio\/wp-content\/uploads\/2025\/10\/Mesa-8.png\" data-type=\"URL\" data-id=\"https:\/\/ifdc3-juj.infd.edu.ar\/sitio\/wp-content\/uploads\/2025\/10\/Mesa-8.png\" target=\"_blank\">Mesa 8<\/a><\/li>\n\n\n\n<li><a rel=\"noreferrer noopener\" href=\"https:\/\/ifdc3-juj.infd.edu.ar\/sitio\/wp-content\/uploads\/2025\/10\/Mesa-9.png\" data-type=\"URL\" data-id=\"https:\/\/ifdc3-juj.infd.edu.ar\/sitio\/wp-content\/uploads\/2025\/10\/Mesa-9.png\" target=\"_blank\">Mesa 9<\/a><\/li>\n\n\n\n<li><a rel=\"noreferrer noopener\" href=\"https:\/\/ifdc3-juj.infd.edu.ar\/sitio\/wp-content\/uploads\/2025\/10\/Mesa-10.png\" data-type=\"URL\" data-id=\"https:\/\/ifdc3-juj.infd.edu.ar\/sitio\/wp-content\/uploads\/2025\/10\/Mesa-10.png\" target=\"_blank\">Mesa10<\/a><\/li>\n<\/ul>\n\n\n\n<p>&gt;&gt;<strong> <a rel=\"noreferrer noopener\" href=\"https:\/\/ifdc3-juj.infd.edu.ar\/sitio\/wp-content\/uploads\/2025\/10\/PLANO-EN-A3.png\" data-type=\"URL\" data-id=\"https:\/\/ifdc3-juj.infd.edu.ar\/sitio\/wp-content\/uploads\/2025\/10\/PLANO-EN-A3.png\" target=\"_blank\">Plano de  ubicaci\u00f3n &#8211; mesas<\/a> <\/strong><\/p>\n\n\n\n<h2 class=\"wp-block-heading\">Actividad asincr\u00f3nica<\/h2>\n\n\n\n<ul>\n<li><a rel=\"noreferrer noopener\" href=\"https:\/\/ifdc3-juj.infd.edu.ar\/sitio\/wp-content\/uploads\/2025\/10\/Consigna-Padlet.png\" data-type=\"URL\" data-id=\"https:\/\/ifdc3-juj.infd.edu.ar\/sitio\/wp-content\/uploads\/2025\/10\/Consigna-Padlet.png\" target=\"_blank\"> Consigna<\/a> para la producci\u00f3n y socializaci\u00f3n en el &gt;&gt; <a rel=\"noreferrer noopener\" href=\"https:\/\/padlet.com\/valeriametzdorff1\/im-genes-y-relatos-del-oficio-en-territorio-ine66vfljjd2wzw1\" data-type=\"URL\" data-id=\"https:\/\/padlet.com\/valeriametzdorff1\/im-genes-y-relatos-del-oficio-en-territorio-ine66vfljjd2wzw1\" target=\"_blank\">Padlet.<\/a><\/li>\n<\/ul>\n\n\n\n<h2 class=\"wp-block-heading\"><strong>Agenda d\u00eda jueves 9<\/strong><\/h2>\n\n\n\n<p><strong>De 16 a 18:00 hs<\/strong>.  <\/p>\n\n\n\n<ul>\n<li><em>Muestra interactiva:<\/em> Rinc\u00f3n creativo &#8211;  Exposici\u00f3n de producciones pedag\u00f3gicas y profesionalizantes de los IES N\u00b0 1, 2 y 3.<\/li>\n\n\n\n<li>I<em>nscripci\u00f3n digital<\/em><strong> <\/strong>para asistir a las distintas mesas panel &#8211; talleres<\/li>\n<\/ul>\n\n\n\n<p><strong>De 18 a 22:00 hs<\/strong>.  Mesas panel &#8211; talleres<\/p>\n\n\n\n<figure class=\"wp-block-table\"><table><tbody><tr><td class=\"has-text-align-center\" data-align=\"center\"><strong>Informaci\u00f3n de:<\/strong><\/td><td class=\"has-text-align-center\" data-align=\"center\"><strong>Inscripci\u00f3n a <\/strong> (una mesa)**<\/td><\/tr><tr><td class=\"has-text-align-center\" data-align=\"center\"><a href=\"https:\/\/ifdc3-juj.infd.edu.ar\/sitio\/wp-content\/uploads\/2025\/10\/M1-8-oct.png\" data-type=\"URL\" data-id=\"https:\/\/ifdc3-juj.infd.edu.ar\/sitio\/wp-content\/uploads\/2025\/10\/M1-8-oct.png\" target=\"_blank\" rel=\"noreferrer noopener\">Mesa 1<\/a><\/td><td class=\"has-text-align-center\" data-align=\"center\"> &gt;&gt;<a href=\"https:\/\/docs.google.com\/forms\/d\/e\/1FAIpQLSdcojVCIeQzAm4NJox60-e1Wc6atcL4T8UpINKmwwqNGRf4JQ\/viewform?usp=header\" data-type=\"URL\" data-id=\"https:\/\/docs.google.com\/forms\/d\/e\/1FAIpQLSdcojVCIeQzAm4NJox60-e1Wc6atcL4T8UpINKmwwqNGRf4JQ\/viewform?usp=header\" target=\"_blank\" rel=\"noreferrer noopener\"> M1<\/a><\/td><\/tr><tr><td class=\"has-text-align-center\" data-align=\"center\"><a href=\"https:\/\/ifdc3-juj.infd.edu.ar\/sitio\/wp-content\/uploads\/2025\/10\/M2-8-oct.png\" data-type=\"URL\" data-id=\"https:\/\/ifdc3-juj.infd.edu.ar\/sitio\/wp-content\/uploads\/2025\/10\/M2-8-oct.png\" target=\"_blank\" rel=\"noreferrer noopener\">Mesa 2<\/a><\/td><td class=\"has-text-align-center\" data-align=\"center\">&gt;&gt; <a href=\"https:\/\/docs.google.com\/forms\/d\/e\/1FAIpQLScPWbU6066ZVE1-TZ98zs3Jjm8R_umymNlF7ddah2HbdHMTEw\/viewform?usp=dialog\" data-type=\"URL\" data-id=\"https:\/\/docs.google.com\/forms\/d\/e\/1FAIpQLScPWbU6066ZVE1-TZ98zs3Jjm8R_umymNlF7ddah2HbdHMTEw\/viewform?usp=dialog\" target=\"_blank\" rel=\"noreferrer noopener\">M2<\/a><\/td><\/tr><tr><td class=\"has-text-align-center\" data-align=\"center\"><a href=\"https:\/\/ifdc3-juj.infd.edu.ar\/sitio\/wp-content\/uploads\/2025\/10\/M3-8-oct.png\" data-type=\"URL\" data-id=\"https:\/\/ifdc3-juj.infd.edu.ar\/sitio\/wp-content\/uploads\/2025\/10\/M3-8-oct.png\" target=\"_blank\" rel=\"noreferrer noopener\">Mesa 3<\/a><\/td><td class=\"has-text-align-center\" data-align=\"center\">&gt;&gt; <a href=\"https:\/\/docs.google.com\/forms\/d\/e\/1FAIpQLScipnsjEw1AxlBUuJ4_FrIGl2UroOY_ttr-vvUdcOwr8XsSzA\/viewform?usp=header\" data-type=\"URL\" data-id=\"https:\/\/docs.google.com\/forms\/d\/e\/1FAIpQLScipnsjEw1AxlBUuJ4_FrIGl2UroOY_ttr-vvUdcOwr8XsSzA\/viewform?usp=header\" target=\"_blank\" rel=\"noreferrer noopener\">M3<\/a><\/td><\/tr><tr><td class=\"has-text-align-center\" data-align=\"center\"><a href=\"https:\/\/ifdc3-juj.infd.edu.ar\/sitio\/wp-content\/uploads\/2025\/10\/M4-8-oct.png\" data-type=\"URL\" data-id=\"https:\/\/ifdc3-juj.infd.edu.ar\/sitio\/wp-content\/uploads\/2025\/10\/M4-8-oct.png\" target=\"_blank\" rel=\"noreferrer noopener\">Mesa 4<\/a><\/td><td class=\"has-text-align-center\" data-align=\"center\">&gt;&gt; <a href=\"https:\/\/docs.google.com\/forms\/d\/e\/1FAIpQLSevLmKmNNf0sxOvKoMLx-XAUG12UAkZpgE1OVE2MriOgBkv_g\/viewform?usp=header\" data-type=\"URL\" data-id=\"https:\/\/docs.google.com\/forms\/d\/e\/1FAIpQLSevLmKmNNf0sxOvKoMLx-XAUG12UAkZpgE1OVE2MriOgBkv_g\/viewform?usp=header\" target=\"_blank\" rel=\"noreferrer noopener\">M4<\/a><\/td><\/tr><tr><td class=\"has-text-align-center\" data-align=\"center\"><a href=\"https:\/\/ifdc3-juj.infd.edu.ar\/sitio\/wp-content\/uploads\/2025\/10\/M5-8-oct.png\" data-type=\"URL\" data-id=\"https:\/\/ifdc3-juj.infd.edu.ar\/sitio\/wp-content\/uploads\/2025\/10\/M5-8-oct.png\" target=\"_blank\" rel=\"noreferrer noopener\">Mesa 5<\/a><\/td><td class=\"has-text-align-center\" data-align=\"center\">&gt;&gt; <a href=\"https:\/\/docs.google.com\/forms\/d\/e\/1FAIpQLSd4KZivwPmwwCdPS2AUxlPLKyOc6VHztWbrLs7nICbfEJNKow\/viewform?usp=header\" data-type=\"URL\" data-id=\"https:\/\/docs.google.com\/forms\/d\/e\/1FAIpQLSd4KZivwPmwwCdPS2AUxlPLKyOc6VHztWbrLs7nICbfEJNKow\/viewform?usp=header\" target=\"_blank\" rel=\"noreferrer noopener\">M5<\/a><\/td><\/tr><tr><td class=\"has-text-align-center\" data-align=\"center\"><a href=\"https:\/\/ifdc3-juj.infd.edu.ar\/sitio\/wp-content\/uploads\/2025\/10\/M6-8-oct.png\" data-type=\"URL\" data-id=\"https:\/\/ifdc3-juj.infd.edu.ar\/sitio\/wp-content\/uploads\/2025\/10\/M6-8-oct.png\" target=\"_blank\" rel=\"noreferrer noopener\">Mesa 6<\/a><\/td><td class=\"has-text-align-center\" data-align=\"center\">&gt;&gt; <a href=\"https:\/\/docs.google.com\/forms\/d\/e\/1FAIpQLSc5Brj8hKOa5kKQldTl5IgavDbGn6o_uHQAnoxtqUJ5ByIH7Q\/viewform?usp=header\" data-type=\"URL\" data-id=\"https:\/\/docs.google.com\/forms\/d\/e\/1FAIpQLSc5Brj8hKOa5kKQldTl5IgavDbGn6o_uHQAnoxtqUJ5ByIH7Q\/viewform?usp=header\" target=\"_blank\" rel=\"noreferrer noopener\">M6<\/a><\/td><\/tr><tr><td class=\"has-text-align-center\" data-align=\"center\"><a href=\"https:\/\/ifdc3-juj.infd.edu.ar\/sitio\/wp-content\/uploads\/2025\/10\/M7-8-oct.png\" data-type=\"URL\" data-id=\"https:\/\/ifdc3-juj.infd.edu.ar\/sitio\/wp-content\/uploads\/2025\/10\/M7-8-oct.png\" target=\"_blank\" rel=\"noreferrer noopener\">Mesa 7<\/a><\/td><td class=\"has-text-align-center\" data-align=\"center\">&gt;&gt; <a href=\"https:\/\/docs.google.com\/forms\/d\/e\/1FAIpQLSdFQOzQR0BtIWGZMUdpoj0P7kaxldxyU-8VyLqnkVt41ot5qQ\/viewform?usp=header\" data-type=\"URL\" data-id=\"https:\/\/docs.google.com\/forms\/d\/e\/1FAIpQLSdFQOzQR0BtIWGZMUdpoj0P7kaxldxyU-8VyLqnkVt41ot5qQ\/viewform?usp=header\" target=\"_blank\" rel=\"noreferrer noopener\">M7<\/a><\/td><\/tr><tr><td class=\"has-text-align-center\" data-align=\"center\"><a href=\"https:\/\/ifdc3-juj.infd.edu.ar\/sitio\/wp-content\/uploads\/2025\/10\/M8-8-oct.png\" data-type=\"URL\" data-id=\"https:\/\/ifdc3-juj.infd.edu.ar\/sitio\/wp-content\/uploads\/2025\/10\/M8-8-oct.png\" target=\"_blank\" rel=\"noreferrer noopener\">Mesa 8<\/a><\/td><td class=\"has-text-align-center\" data-align=\"center\">&gt;&gt; <a href=\"https:\/\/docs.google.com\/forms\/d\/e\/1FAIpQLSeFPkzgKzlTS38f2GBUWWY635DAxuSOchOw_13A99AyunPV7Q\/viewform?usp=header\" data-type=\"URL\" data-id=\"https:\/\/docs.google.com\/forms\/d\/e\/1FAIpQLSeFPkzgKzlTS38f2GBUWWY635DAxuSOchOw_13A99AyunPV7Q\/viewform?usp=header\" target=\"_blank\" rel=\"noreferrer noopener\">M8<\/a><\/td><\/tr><tr><td class=\"has-text-align-center\" data-align=\"center\"><a href=\"https:\/\/ifdc3-juj.infd.edu.ar\/sitio\/wp-content\/uploads\/2025\/10\/M9-8-oct.png\" data-type=\"URL\" data-id=\"https:\/\/ifdc3-juj.infd.edu.ar\/sitio\/wp-content\/uploads\/2025\/10\/M9-8-oct.png\" target=\"_blank\" rel=\"noreferrer noopener\">Mesa 9<\/a><\/td><td class=\"has-text-align-center\" data-align=\"center\">&gt;&gt; <a href=\"https:\/\/docs.google.com\/forms\/d\/e\/1FAIpQLSdCZQISNlDMoGiHSBRdP8saO9JDD-tGFD5uvKe5HVzh-GmawA\/viewform?usp=header\" data-type=\"URL\" data-id=\"https:\/\/docs.google.com\/forms\/d\/e\/1FAIpQLSdCZQISNlDMoGiHSBRdP8saO9JDD-tGFD5uvKe5HVzh-GmawA\/viewform?usp=header\" target=\"_blank\" rel=\"noreferrer noopener\">M9<\/a><\/td><\/tr><tr><td class=\"has-text-align-center\" data-align=\"center\"><a href=\"https:\/\/ifdc3-juj.infd.edu.ar\/sitio\/wp-content\/uploads\/2025\/10\/M10-8-oct.png\" data-type=\"URL\" data-id=\"https:\/\/ifdc3-juj.infd.edu.ar\/sitio\/wp-content\/uploads\/2025\/10\/M10-8-oct.png\" target=\"_blank\" rel=\"noreferrer noopener\">Mesa 10<\/a><\/td><td class=\"has-text-align-center\" data-align=\"center\">&gt;&gt; <a href=\"https:\/\/docs.google.com\/forms\/d\/e\/1FAIpQLSfPFg__VkdBkKqbhVLvTgpNVXT4bBRKBCtADa-EAZpNnou7jw\/viewform?usp=header\" data-type=\"URL\" data-id=\"https:\/\/docs.google.com\/forms\/d\/e\/1FAIpQLSfPFg__VkdBkKqbhVLvTgpNVXT4bBRKBCtADa-EAZpNnou7jw\/viewform?usp=header\" target=\"_blank\" rel=\"noreferrer noopener\">M10<\/a><\/td><\/tr><\/tbody><\/table><figcaption class=\"wp-element-caption\">>> <a rel=\"noreferrer noopener\" href=\"https:\/\/docs.google.com\/forms\/d\/1GmFJGsm1bqvP0UY3K6NdxBwODjAL7mkWTz5W9aQ0EKM\/viewform?ts=68e7d3f0&amp;edit_requested=true\" data-type=\"URL\" data-id=\"https:\/\/docs.google.com\/forms\/d\/1GmFJGsm1bqvP0UY3K6NdxBwODjAL7mkWTz5W9aQ0EKM\/viewform?ts=68e7d3f0&amp;edit_requested=true\" target=\"_blank\">Encuesta de cierre <\/a>(obligatorio)* *<\/figcaption><\/figure>\n\n\n\n<p>&gt;&gt; Evaluaci\u00f3n de asistentes: <a rel=\"noreferrer noopener\" href=\"https:\/\/ifdc3-juj.infd.edu.ar\/sitio\/wp-content\/uploads\/2025\/10\/Consigna-evaluacion-asistentes.jpeg\" data-type=\"URL\" data-id=\"https:\/\/ifdc3-juj.infd.edu.ar\/sitio\/wp-content\/uploads\/2025\/10\/Consigna-evaluacion-asistentes.jpeg\" target=\"_blank\">consigna<\/a>, presentaci\u00f3n del trabajo <a rel=\"noreferrer noopener\" href=\"https:\/\/docs.google.com\/forms\/d\/e\/1FAIpQLSeZpPk3QzEU3rOSr7KZ3L1Pnz50zzMD6n9YQn-LVgAbIAnoeg\/viewform?usp=dialog\" data-type=\"URL\" data-id=\"https:\/\/docs.google.com\/forms\/d\/e\/1FAIpQLSeZpPk3QzEU3rOSr7KZ3L1Pnz50zzMD6n9YQn-LVgAbIAnoeg\/viewform?usp=dialog\" target=\"_blank\">AQU\u00cd  <img decoding=\"async\" loading=\"lazy\" width=\"69\" height=\"61\" class=\"wp-image-6115\" style=\"width: 30px;\" src=\"https:\/\/ifdc3-juj.infd.edu.ar\/sitio\/wp-content\/uploads\/2025\/07\/subir-cargar.png\" alt=\"\"><\/a><\/p>\n","protected":false},"excerpt":{"rendered":"<p>II JORNADA INTERINSTITUCIONAL DE INVESTIGACI\u00d3N Y PRACTICAS PROFESIONALES DE CARRERAS DE FORMACI\u00d3N DOCENTE Y T\u00c9CNICA &gt;&gt; Circular II &#8211; 2025 (metas &#8211; ejes tem\u00e1ticos &#8211; presentaci\u00f3n de trabajos) &gt;&gt; Circular III &#8211; 2025 (Fechas de preinscripci\u00f3n &#8211; confirmaci\u00f3n de inscripci\u00f3n &#8211; valor del bono ) &gt;&gt; Circular IV &#8211; 2025 (Organizaci\u00f3n general &#8211; agendas diarias) &#8230; <a title=\"IV Jornadas de Investigaci\u00f3n y Reflexi\u00f3n de Pr\u00e1cticas Docentes\" class=\"read-more\" href=\"https:\/\/ifdc3-juj.infd.edu.ar\/sitio\/iv-jornadas-de-investigacion-y-reflexion-de-practicas-docentes\/\" aria-label=\"More on IV Jornadas de Investigaci\u00f3n y Reflexi\u00f3n de Pr\u00e1cticas Docentes\">[+]<\/a><\/p>\n","protected":false},"author":8528,"featured_media":0,"parent":0,"menu_order":0,"comment_status":"closed","ping_status":"closed","template":"","meta":[],"acf":[],"_links":{"self":[{"href":"https:\/\/ifdc3-juj.infd.edu.ar\/sitio\/wp-json\/wp\/v2\/pages\/6230"}],"collection":[{"href":"https:\/\/ifdc3-juj.infd.edu.ar\/sitio\/wp-json\/wp\/v2\/pages"}],"about":[{"href":"https:\/\/ifdc3-juj.infd.edu.ar\/sitio\/wp-json\/wp\/v2\/types\/page"}],"author":[{"embeddable":true,"href":"https:\/\/ifdc3-juj.infd.edu.ar\/sitio\/wp-json\/wp\/v2\/users\/8528"}],"replies":[{"embeddable":true,"href":"https:\/\/ifdc3-juj.infd.edu.ar\/sitio\/wp-json\/wp\/v2\/comments?post=6230"}],"version-history":[{"count":32,"href":"https:\/\/ifdc3-juj.infd.edu.ar\/sitio\/wp-json\/wp\/v2\/pages\/6230\/revisions"}],"predecessor-version":[{"id":6490,"href":"https:\/\/ifdc3-juj.infd.edu.ar\/sitio\/wp-json\/wp\/v2\/pages\/6230\/revisions\/6490"}],"wp:attachment":[{"href":"https:\/\/ifdc3-juj.infd.edu.ar\/sitio\/wp-json\/wp\/v2\/media?parent=6230"}],"curies":[{"name":"wp","href":"https:\/\/api.w.org\/{rel}","templated":true}]}}