{"id":6377,"date":"2025-10-01T06:02:12","date_gmt":"2025-10-01T09:02:12","guid":{"rendered":"https:\/\/ifdc3-juj.infd.edu.ar\/sitio\/?page_id=6377"},"modified":"2025-10-01T15:36:46","modified_gmt":"2025-10-01T18:36:46","slug":"cursos-ies3-octubre-2025","status":"publish","type":"page","link":"https:\/\/ifdc3-juj.infd.edu.ar\/sitio\/cursos-ies3-octubre-2025\/","title":{"rendered":"Cursos IES3  &#8211; octubre 2025"},"content":{"rendered":"\n<p>Para poder acceder  a  estas ofertas de capacitaci\u00f3n y preinscribirse, se sugiere revisar previamente toda la informaci\u00f3n  del curso de su inter\u00e9s, por ejemplo, fechas y horas del dictado de los distintos encuentros.<\/p>\n\n\n\n<p><strong>** Nota: <\/strong> En funci\u00f3n del criterio de democratizaci\u00f3n de la oferta de capacitaci\u00f3n  para llegar a la mayor cantidad de docentes, <strong> se admite la inscripci\u00f3n de<\/strong> <strong>un curso por cuatrimestre<\/strong> o dos por a\u00f1o, a cada  docente preinscripto.<\/p>\n\n\n\n<figure class=\"wp-block-table\"><table><thead><tr><th>Para ver informaci\u00f3n de los curso cliquear en la denominaci\u00f3n de cada uno de ellos<\/th><th>Destinatarios<\/th><th>Habilitaci\u00f3n de preinscripci\u00f3n<\/th><th>CUPOS LIMITADOS<br><br>Confirmaci\u00f3n y pago de bono<br><\/th><\/tr><\/thead><tbody><tr><td>1-  <a rel=\"noreferrer noopener\" href=\"https:\/\/ifdc3-juj.infd.edu.ar\/sitio\/wp-content\/uploads\/2025\/10\/Flyer-ESI-contextos-complejos-primaria.png\" data-type=\"URL\" data-id=\"https:\/\/ifdc3-juj.infd.edu.ar\/sitio\/wp-content\/uploads\/2025\/10\/Flyer-ESI-contextos-complejos-primaria.png\" target=\"_blank\">La E.S.I. contextos complejos: Propuestas Pedag\u00f3gicas para el Nivel Primario<\/a><\/td><td><br>Doc.  Nivel Primario<\/td><td>1\/10\/2025 &#8211; 14:30<br>Doc. egresados de:<br>>> <a href=\"https:\/\/docs.google.com\/forms\/d\/e\/1FAIpQLSfHQa3SdgAoX7Ea2Xd2igQOX8iValid2oOeCvJ8e5cpcV2tBg\/viewform?usp=header\" data-type=\"URL\" data-id=\"https:\/\/docs.google.com\/forms\/d\/e\/1FAIpQLSfHQa3SdgAoX7Ea2Xd2igQOX8iValid2oOeCvJ8e5cpcV2tBg\/viewform?usp=header\" target=\"_blank\" rel=\"noreferrer noopener\"> IES3<\/a><br>>> <a href=\"https:\/\/docs.google.com\/forms\/d\/e\/1FAIpQLSfw2d72lpDK4o9fvurY9remdRlcnFue8EFhLjcCYTj-2PBYMQ\/viewform?usp=dialog\" data-type=\"URL\" data-id=\"https:\/\/docs.google.com\/forms\/d\/e\/1FAIpQLSfw2d72lpDK4o9fvurY9remdRlcnFue8EFhLjcCYTj-2PBYMQ\/viewform?usp=dialog\" target=\"_blank\" rel=\"noreferrer noopener\">Otros IES<\/a><\/td><td>2 y 3 de octubre<\/td><\/tr><tr><td>2-  <a rel=\"noreferrer noopener\" href=\"https:\/\/ifdc3-juj.infd.edu.ar\/sitio\/wp-content\/uploads\/2025\/10\/Flyer-Alfabetizacion-integral.png\" data-type=\"URL\" data-id=\"https:\/\/ifdc3-juj.infd.edu.ar\/sitio\/wp-content\/uploads\/2025\/10\/Flyer-Alfabetizacion-integral.png\" target=\"_blank\">La alfabetizaci\u00f3n Integral<\/a><\/td><td>Doc. Nivel Primario<\/td><td>1\/10\/2025 &#8211; 14:45<br>Doc. egresados de:<br>>><a href=\"https:\/\/docs.google.com\/forms\/d\/e\/1FAIpQLSdXaS_qXMglXBNGUoHb6VyWDnmqnXbH4tKGSqDh5UKb2JoM0w\/viewform?usp=dialog\" data-type=\"URL\" data-id=\"https:\/\/docs.google.com\/forms\/d\/e\/1FAIpQLSdXaS_qXMglXBNGUoHb6VyWDnmqnXbH4tKGSqDh5UKb2JoM0w\/viewform?usp=dialog\" target=\"_blank\" rel=\"noreferrer noopener\"> IES3<\/a><br>>> <a href=\"https:\/\/docs.google.com\/forms\/d\/e\/1FAIpQLSfpzFZMcKQnVGOpYojon6LF7DQjxa51E4FkgbunnIXxKQfSog\/viewform?usp=header\" data-type=\"URL\" data-id=\"https:\/\/docs.google.com\/forms\/d\/e\/1FAIpQLSfpzFZMcKQnVGOpYojon6LF7DQjxa51E4FkgbunnIXxKQfSog\/viewform?usp=header\" target=\"_blank\" rel=\"noreferrer noopener\">Otros IES<\/a><\/td><td>2 y 3 de octubre<\/td><\/tr><tr><td>3 &#8211;  <a href=\"https:\/\/ifdc3-juj.infd.edu.ar\/sitio\/wp-content\/uploads\/2025\/10\/Flyer-Puentes-para-la-alfabetizacion.png\" data-type=\"URL\" data-id=\"https:\/\/ifdc3-juj.infd.edu.ar\/sitio\/wp-content\/uploads\/2025\/10\/Flyer-Puentes-para-la-alfabetizacion.png\" target=\"_blank\" rel=\"noreferrer noopener\">Puentes para la Alfabetizaci\u00f3n: Docentes y bibliotecarios en acci\u00f3n<\/a><\/td><td>Doc. novel de Nivel Primario y bibliotecarios<\/td><td>1\/10\/2025 &#8211; 15:00  <br>Doc y bibliotecario:<br>>> <a href=\"https:\/\/docs.google.com\/forms\/d\/e\/1FAIpQLSfB9dZzSKNZ2rNyAcdypCpZr0fRCByN_xcF8NuMO8j4tze1EQ\/viewform?usp=dialog\" data-type=\"URL\" data-id=\"https:\/\/docs.google.com\/forms\/d\/e\/1FAIpQLSfB9dZzSKNZ2rNyAcdypCpZr0fRCByN_xcF8NuMO8j4tze1EQ\/viewform?usp=dialog\" target=\"_blank\" rel=\"noreferrer noopener\">IES3 <\/a><br>>> <a href=\"https:\/\/docs.google.com\/forms\/d\/e\/1FAIpQLSf6_3y01NP2L6c8m-OGpJCdXKjfZ3QILE-pu0PNrGvcNJifOQ\/viewform?usp=header\" data-type=\"URL\" data-id=\"https:\/\/docs.google.com\/forms\/d\/e\/1FAIpQLSf6_3y01NP2L6c8m-OGpJCdXKjfZ3QILE-pu0PNrGvcNJifOQ\/viewform?usp=header\" target=\"_blank\" rel=\"noreferrer noopener\">Otros IES                                                                                                                                                                                                                          <\/a><\/td><td>6 y 8 de octubre<\/td><\/tr><tr><td>4 &#8211; <a href=\"https:\/\/ifdc3-juj.infd.edu.ar\/sitio\/wp-content\/uploads\/2025\/10\/Flyer-La-violencia-y-configuraciones-subjetivas-.png\" data-type=\"URL\" data-id=\"https:\/\/ifdc3-juj.infd.edu.ar\/sitio\/wp-content\/uploads\/2025\/10\/Flyer-La-violencia-y-configuraciones-subjetivas-.png\" target=\"_blank\" rel=\"noreferrer noopener\">Violencias y configuraciones subjetivas: la escuela en la encrucijada<\/a><\/td><td>Doc. Nivel Primario<\/td><td>1\/10\/2025 &#8211; 15:15<br>Doc. egresados de:<br>>> <a href=\"https:\/\/docs.google.com\/forms\/d\/e\/1FAIpQLSdn64JJRY37hj4R-eumS3X_lV1Qmoqn9VW3FH_DiPZEhnnzXQ\/viewform?usp=header\" data-type=\"URL\" data-id=\"https:\/\/docs.google.com\/forms\/d\/e\/1FAIpQLSdn64JJRY37hj4R-eumS3X_lV1Qmoqn9VW3FH_DiPZEhnnzXQ\/viewform?usp=header\" target=\"_blank\" rel=\"noreferrer noopener\">IES3<\/a><br>>> <a href=\"https:\/\/docs.google.com\/forms\/d\/e\/1FAIpQLScb9kFi5jLYWQ69VuJ5tvoQCVW_T3O8-jMVqAaldzUCn_FD3g\/viewform?usp=header\" data-type=\"URL\" data-id=\"https:\/\/docs.google.com\/forms\/d\/e\/1FAIpQLScb9kFi5jLYWQ69VuJ5tvoQCVW_T3O8-jMVqAaldzUCn_FD3g\/viewform?usp=header\" target=\"_blank\" rel=\"noreferrer noopener\">Otros IES<\/a><\/td><td>6 y 8 de octubre<\/td><\/tr><tr><td>5 &#8211;  <a href=\"https:\/\/ifdc3-juj.infd.edu.ar\/sitio\/wp-content\/uploads\/2025\/10\/Flyer-Infancias-familia-y-constitucion-subjetiva-.png\" data-type=\"URL\" data-id=\"https:\/\/ifdc3-juj.infd.edu.ar\/sitio\/wp-content\/uploads\/2025\/10\/Flyer-Infancias-familia-y-constitucion-subjetiva-.png\" target=\"_blank\" rel=\"noreferrer noopener\">Infancias, familia y constituci\u00f3n subjetiva en la primera infancia<\/a><\/td><td>Doc. de Nivel Inicial<\/td><td>1\/10\/2025 &#8211; 15:30<br>Doc. egresados de:<br>>> <a href=\"https:\/\/docs.google.com\/forms\/d\/e\/1FAIpQLScIKkAEGWSGAQMXpW65Io-tmIuhhMBegNceRFbQ4kJLLX9rQg\/viewform?usp=header\" data-type=\"URL\" data-id=\"https:\/\/docs.google.com\/forms\/d\/e\/1FAIpQLScIKkAEGWSGAQMXpW65Io-tmIuhhMBegNceRFbQ4kJLLX9rQg\/viewform?usp=header\" target=\"_blank\" rel=\"noreferrer noopener\">IES3<\/a><br>>> <a href=\"https:\/\/docs.google.com\/forms\/d\/e\/1FAIpQLSddLzsEmCCslRNPkDNTj83Gg_WQq-vjp4AJKsdEA_aLjWbLew\/viewform?usp=header\" data-type=\"URL\" data-id=\"https:\/\/docs.google.com\/forms\/d\/e\/1FAIpQLSddLzsEmCCslRNPkDNTj83Gg_WQq-vjp4AJKsdEA_aLjWbLew\/viewform?usp=header\" target=\"_blank\" rel=\"noreferrer noopener\">Otros IES<\/a><\/td><td>13 y 14 de octubre<\/td><\/tr><\/tbody><\/table><\/figure>\n","protected":false},"excerpt":{"rendered":"<p>Para poder acceder a estas ofertas de capacitaci\u00f3n y preinscribirse, se sugiere revisar previamente toda la informaci\u00f3n del curso de su inter\u00e9s, por ejemplo, fechas y horas del dictado de los distintos encuentros. ** Nota: En funci\u00f3n del criterio de democratizaci\u00f3n de la oferta de capacitaci\u00f3n para llegar a la mayor cantidad de docentes, se &#8230; <a title=\"Cursos IES3  &#8211; octubre 2025\" class=\"read-more\" href=\"https:\/\/ifdc3-juj.infd.edu.ar\/sitio\/cursos-ies3-octubre-2025\/\" aria-label=\"More on Cursos IES3  &#8211; octubre 2025\">[+]<\/a><\/p>\n","protected":false},"author":8528,"featured_media":0,"parent":0,"menu_order":0,"comment_status":"closed","ping_status":"closed","template":"","meta":[],"acf":[],"_links":{"self":[{"href":"https:\/\/ifdc3-juj.infd.edu.ar\/sitio\/wp-json\/wp\/v2\/pages\/6377"}],"collection":[{"href":"https:\/\/ifdc3-juj.infd.edu.ar\/sitio\/wp-json\/wp\/v2\/pages"}],"about":[{"href":"https:\/\/ifdc3-juj.infd.edu.ar\/sitio\/wp-json\/wp\/v2\/types\/page"}],"author":[{"embeddable":true,"href":"https:\/\/ifdc3-juj.infd.edu.ar\/sitio\/wp-json\/wp\/v2\/users\/8528"}],"replies":[{"embeddable":true,"href":"https:\/\/ifdc3-juj.infd.edu.ar\/sitio\/wp-json\/wp\/v2\/comments?post=6377"}],"version-history":[{"count":19,"href":"https:\/\/ifdc3-juj.infd.edu.ar\/sitio\/wp-json\/wp\/v2\/pages\/6377\/revisions"}],"predecessor-version":[{"id":6422,"href":"https:\/\/ifdc3-juj.infd.edu.ar\/sitio\/wp-json\/wp\/v2\/pages\/6377\/revisions\/6422"}],"wp:attachment":[{"href":"https:\/\/ifdc3-juj.infd.edu.ar\/sitio\/wp-json\/wp\/v2\/media?parent=6377"}],"curies":[{"name":"wp","href":"https:\/\/api.w.org\/{rel}","templated":true}]}}