{"id":6513,"date":"2025-10-27T18:18:14","date_gmt":"2025-10-27T21:18:14","guid":{"rendered":"https:\/\/ifdc3-juj.infd.edu.ar\/sitio\/?page_id=6513"},"modified":"2025-10-28T13:04:34","modified_gmt":"2025-10-28T16:04:34","slug":"cursos-ies3-noviembre-2025","status":"publish","type":"page","link":"https:\/\/ifdc3-juj.infd.edu.ar\/sitio\/cursos-ies3-noviembre-2025\/","title":{"rendered":"Cursos IES3 \u2013 noviembre 2025"},"content":{"rendered":"\n<p>Para poder acceder a estas ofertas de capacitaci\u00f3n y preinscribirse, se sugiere revisar previamente toda la informaci\u00f3n del curso de su inter\u00e9s, por ejemplo, fechas y horas del dictado de los distintos encuentros.<\/p>\n\n\n\n<p><strong>** NOTA:&nbsp;<\/strong><\/p>\n\n\n\n<ul>\n<li>En funci\u00f3n del criterio de democratizaci\u00f3n de la oferta de capacitaci\u00f3n para llegar a la mayor cantidad de docentes,&nbsp;<strong>se admite la inscripci\u00f3n de<\/strong>&nbsp;<strong>un curso por cuatrimestre<\/strong>&nbsp;o dos por a\u00f1o, a cada docente preinscripto<\/li>\n<\/ul>\n\n\n\n<ul>\n<li>La no asistencia a confirmar y abonar el curso en fecha y horario previsto, inmediatamente <strong>se dar\u00e1 lugar a los<\/strong> <strong>docentes en espera, que re\u00fanan el criterio anterior<\/strong>. <\/li>\n<\/ul>\n\n\n\n<figure class=\"wp-block-table\"><table><tbody><tr><td><strong>Para ver informaci\u00f3n de los curso cliquear en la denominaci\u00f3n de cada uno de ellos<\/strong><\/td><td><strong>Destinatarios<\/strong><\/td><td><strong>Habilitaci\u00f3n de preinscripci\u00f3n<\/strong><\/td><td><strong>CUPOS LIMITADOS<\/strong><br><strong>Confirmaci\u00f3n y pago de bono<\/strong><\/td><\/tr><tr><td><a href=\"https:\/\/ifdc3-juj.infd.edu.ar\/sitio\/wp-content\/uploads\/2025\/10\/Flyer-alfabetizacion-en-plural.png\" data-type=\"URL\" data-id=\"https:\/\/ifdc3-juj.infd.edu.ar\/sitio\/wp-content\/uploads\/2025\/10\/Flyer-alfabetizacion-en-plural.png\" target=\"_blank\" rel=\"noreferrer noopener\">Alfabetizar en plural desde la m\u00fasica, el teatro, artes visuales y la expresi\u00f3n corporal<\/a><\/td><td>Doc. de Nivel Inicial<br>Doc. Primario<br>Doc. del IES3<\/td><td><strong>28\/10\/2025 \u2013 10:00<\/strong><br>Doc. egresados de:<br>>>\u00a0<a rel=\"noreferrer noopener\" href=\"https:\/\/forms.gle\/mLxE6f5xqxqrAMHb7\" data-type=\"URL\" data-id=\"https:\/\/forms.gle\/mLxE6f5xqxqrAMHb7\" target=\"_blank\">IES3<\/a><br>>>\u00a0<a href=\"https:\/\/forms.gle\/q5MESkPZP6gw42Tj9\" data-type=\"URL\" data-id=\"https:\/\/forms.gle\/q5MESkPZP6gw42Tj9\" target=\"_blank\" rel=\"noreferrer noopener\">Otros IES<\/a><\/td><td><strong>30\/10\/2025 <\/strong><br>8:30  a 12:00 hs.<br>14:00 a 18:00 hs.<br><strong>31\/10\/2025 <\/strong><br>8:30  a 12:00 hs.<br>14:00 a 20:00 hs.<\/td><\/tr><tr><td><a href=\"https:\/\/ifdc3-juj.infd.edu.ar\/sitio\/wp-content\/uploads\/2025\/10\/Flyer-Ensenar-ciencias-sociales-.png\" data-type=\"URL\" data-id=\"https:\/\/ifdc3-juj.infd.edu.ar\/sitio\/wp-content\/uploads\/2025\/10\/Flyer-Ensenar-ciencias-sociales-.png\" target=\"_blank\" rel=\"noreferrer noopener\">Ense\u00f1ar Ciencias Sociales desde la Integraci\u00f3n<\/a><\/td><td>Doc. de Nivel Inicial<br>Doc. Primario<\/td><td><strong>28\/10\/2025 \u2013 11:00<\/strong><br>Doc. egresados de:<br>>><a href=\"https:\/\/docs.google.com\/forms\/d\/e\/1FAIpQLSfYJN43mFj2OnKBFFl0WfI6ujUahcwM1X-7-3Ahp2qPKFrANA\/viewform?usp=dialog\" data-type=\"URL\" data-id=\"https:\/\/docs.google.com\/forms\/d\/e\/1FAIpQLSfYJN43mFj2OnKBFFl0WfI6ujUahcwM1X-7-3Ahp2qPKFrANA\/viewform?usp=dialog\" target=\"_blank\" rel=\"noreferrer noopener\">\u00a0IES3<\/a><br>>>\u00a0<a href=\"https:\/\/docs.google.com\/forms\/d\/e\/1FAIpQLSdYoF79DbXu_O8AkpTqD6oHvrEIBbfGqZ9Kngl4o2QERJ6JQw\/viewform?usp=dialog\" data-type=\"URL\" data-id=\"https:\/\/docs.google.com\/forms\/d\/e\/1FAIpQLSdYoF79DbXu_O8AkpTqD6oHvrEIBbfGqZ9Kngl4o2QERJ6JQw\/viewform?usp=dialog\" target=\"_blank\" rel=\"noreferrer noopener\">Otros IES<\/a><\/td><td><strong>30\/10\/2025 <\/strong><br>8:30  a 12:00 hs.<br>14:00 a 18:00 hs.<br><strong>31\/10\/2025 <\/strong><br>8:30  a 12:00 hs.<br>14:00 a 20:00 hs.<\/td><\/tr><tr><td><a href=\"https:\/\/ifdc3-juj.infd.edu.ar\/sitio\/wp-content\/uploads\/2025\/10\/Flyer-Espacios-de-saber-y-Aprendizaje-.png\" data-type=\"URL\" data-id=\"https:\/\/ifdc3-juj.infd.edu.ar\/sitio\/wp-content\/uploads\/2025\/10\/Flyer-Espacios-de-saber-y-Aprendizaje-.png\" target=\"_blank\" rel=\"noreferrer noopener\">Espacios de saber y aprendizaje: Estrategias pedag\u00f3gicas para la Formaci\u00f3n Docente en el Nivel Inicial y Primario<\/a><\/td><td>Doc. de Nivel Inicial<br>Doc. Primario<br>Doc. del IES3<\/td><td><strong>28\/10\/2025 \u2013 12:00<\/strong><br>Doc. egresados de:<br>>>\u00a0<a href=\"https:\/\/docs.google.com\/forms\/d\/e\/1FAIpQLSe-Nef37oX9H6Ws4JDEIj62aTpgO4Le-tPWyg3C7voCd0VBag\/viewform?usp=publish-editor\" data-type=\"URL\" data-id=\"https:\/\/docs.google.com\/forms\/d\/e\/1FAIpQLSe-Nef37oX9H6Ws4JDEIj62aTpgO4Le-tPWyg3C7voCd0VBag\/viewform?usp=publish-editor\" target=\"_blank\" rel=\"noreferrer noopener\">IES3<\/a><br>>>\u00a0<a href=\"https:\/\/docs.google.com\/forms\/d\/e\/1FAIpQLSehY3kykpV4GHCtpk4fcoZcFpRLL9160jVloUraXCcS0Ipb9g\/viewform?usp=publish-editor\" data-type=\"URL\" data-id=\"https:\/\/docs.google.com\/forms\/d\/e\/1FAIpQLSehY3kykpV4GHCtpk4fcoZcFpRLL9160jVloUraXCcS0Ipb9g\/viewform?usp=publish-editor\" target=\"_blank\" rel=\"noreferrer noopener\">Otros IES<\/a><\/td><td><strong>30\/10\/2025<\/strong><br>8:30 a 12:00 hs.<br>14:00 a 18:00 hs.<br><strong>31\/10\/2025<\/strong><br>8:30 a 12:00 hs.<br>14:00 a 20:00 hs.<\/td><\/tr><tr><td><a href=\"https:\/\/ifdc3-juj.infd.edu.ar\/sitio\/wp-content\/uploads\/2025\/10\/Flyer-suistematizar-para-transformar.jpeg\" data-type=\"URL\" data-id=\"https:\/\/ifdc3-juj.infd.edu.ar\/sitio\/wp-content\/uploads\/2025\/10\/Flyer-suistematizar-para-transformar.jpeg\" target=\"_blank\" rel=\"noreferrer noopener\">Sistematizar para transformar de la pr\u00e1ctica  a la reflexi\u00f3n pedag\u00f3gica <\/a><br><\/td><td>Doc. de Nivel Inicial<br>Doc. Primario<br>Doc. del IES3 y de otros IES<\/td><td><strong>28\/10\/2025 \u2013 13:00<\/strong><br>>> <a href=\"https:\/\/docs.google.com\/forms\/d\/e\/1FAIpQLSccy72qNFwjKiYh8P4AWeZm8fKlZAiu8_AVABPSrUmcKSQrgw\/viewform?usp=dialog\" data-type=\"URL\" data-id=\"https:\/\/docs.google.com\/forms\/d\/e\/1FAIpQLSccy72qNFwjKiYh8P4AWeZm8fKlZAiu8_AVABPSrUmcKSQrgw\/viewform?usp=dialog\" target=\"_blank\" rel=\"noreferrer noopener\">Doc. de Nivel Sup.<\/a><br>Doc. egresados de:<br>>>\u00a0<a href=\"https:\/\/docs.google.com\/forms\/d\/e\/1FAIpQLSfko_GZMtujkZo_szDvfAMPHuzWLG8TTP0D32CEZaV7hlOWzQ\/viewform?usp=publish-editor\" data-type=\"URL\" data-id=\"https:\/\/docs.google.com\/forms\/d\/e\/1FAIpQLSfko_GZMtujkZo_szDvfAMPHuzWLG8TTP0D32CEZaV7hlOWzQ\/viewform?usp=publish-editor\" target=\"_blank\" rel=\"noreferrer noopener\">IES3<\/a><br>>>\u00a0<a href=\"https:\/\/docs.google.com\/forms\/d\/e\/1FAIpQLSfkj1cGO1nyan5O21UXPCM1SqOO-siOjWAGIIpEznk1ADfDXg\/viewform?usp=publish-editor\" data-type=\"URL\" data-id=\"https:\/\/docs.google.com\/forms\/d\/e\/1FAIpQLSfkj1cGO1nyan5O21UXPCM1SqOO-siOjWAGIIpEznk1ADfDXg\/viewform?usp=publish-editor\" target=\"_blank\" rel=\"noreferrer noopener\">Otros IES<\/a><\/td><td><strong>30\/10\/2025<\/strong><br>8:30 a 12:00 hs.<br>14:00 a 18:00 hs.<br><strong>31\/10\/2025<\/strong><br>8:30 a 12:00 hs.<br>14:00 a 20:00 hs.<\/td><\/tr><\/tbody><\/table><\/figure>\n\n\n\n<p><\/p>\n","protected":false},"excerpt":{"rendered":"<p>Para poder acceder a estas ofertas de capacitaci\u00f3n y preinscribirse, se sugiere revisar previamente toda la informaci\u00f3n del curso de su inter\u00e9s, por ejemplo, fechas y horas del dictado de los distintos encuentros. ** NOTA:&nbsp; Para ver informaci\u00f3n de los curso cliquear en la denominaci\u00f3n de cada uno de ellos Destinatarios Habilitaci\u00f3n de preinscripci\u00f3n CUPOS &#8230; <a title=\"Cursos IES3 \u2013 noviembre 2025\" class=\"read-more\" href=\"https:\/\/ifdc3-juj.infd.edu.ar\/sitio\/cursos-ies3-noviembre-2025\/\" aria-label=\"More on Cursos IES3 \u2013 noviembre 2025\">[+]<\/a><\/p>\n","protected":false},"author":8528,"featured_media":0,"parent":0,"menu_order":0,"comment_status":"closed","ping_status":"closed","template":"","meta":[],"acf":[],"_links":{"self":[{"href":"https:\/\/ifdc3-juj.infd.edu.ar\/sitio\/wp-json\/wp\/v2\/pages\/6513"}],"collection":[{"href":"https:\/\/ifdc3-juj.infd.edu.ar\/sitio\/wp-json\/wp\/v2\/pages"}],"about":[{"href":"https:\/\/ifdc3-juj.infd.edu.ar\/sitio\/wp-json\/wp\/v2\/types\/page"}],"author":[{"embeddable":true,"href":"https:\/\/ifdc3-juj.infd.edu.ar\/sitio\/wp-json\/wp\/v2\/users\/8528"}],"replies":[{"embeddable":true,"href":"https:\/\/ifdc3-juj.infd.edu.ar\/sitio\/wp-json\/wp\/v2\/comments?post=6513"}],"version-history":[{"count":10,"href":"https:\/\/ifdc3-juj.infd.edu.ar\/sitio\/wp-json\/wp\/v2\/pages\/6513\/revisions"}],"predecessor-version":[{"id":6545,"href":"https:\/\/ifdc3-juj.infd.edu.ar\/sitio\/wp-json\/wp\/v2\/pages\/6513\/revisions\/6545"}],"wp:attachment":[{"href":"https:\/\/ifdc3-juj.infd.edu.ar\/sitio\/wp-json\/wp\/v2\/media?parent=6513"}],"curies":[{"name":"wp","href":"https:\/\/api.w.org\/{rel}","templated":true}]}}