{"id":7182,"date":"2026-03-26T12:30:47","date_gmt":"2026-03-26T15:30:47","guid":{"rendered":"https:\/\/ifdc3-juj.infd.edu.ar\/sitio\/?page_id=7182"},"modified":"2026-04-08T11:12:47","modified_gmt":"2026-04-08T14:12:47","slug":"horarios-1er-cuatrimestre-2026","status":"publish","type":"page","link":"https:\/\/ifdc3-juj.infd.edu.ar\/sitio\/horarios-1er-cuatrimestre-2026\/","title":{"rendered":"Horarios 1er Cuatrimestre 2026"},"content":{"rendered":"\n<h2 class=\"wp-block-heading\"><strong>Turno ma\u00f1ana<\/strong><\/h2>\n\n\n\n<p><strong>Educaci\u00f3n Inicial TM<\/strong><\/p>\n\n\n\n<ul>\n<li><a href=\"https:\/\/ifdc3-juj.infd.edu.ar\/sitio\/wp-content\/uploads\/2026\/03\/Inicial-TM-1o-ano-1C-26.png\" data-type=\"URL\" data-id=\"https:\/\/ifdc3-juj.infd.edu.ar\/sitio\/wp-content\/uploads\/2026\/03\/Inicial-TM-1o-ano-1C-26.png\" target=\"_blank\" rel=\"noreferrer noopener\">1er a\u00f1o <\/a><\/li>\n\n\n\n<li><a href=\"https:\/\/ifdc3-juj.infd.edu.ar\/sitio\/wp-content\/uploads\/2026\/03\/Inicial-TM-2o-ano-1C-26.png\" data-type=\"URL\" data-id=\"https:\/\/ifdc3-juj.infd.edu.ar\/sitio\/wp-content\/uploads\/2026\/03\/Inicial-TM-2o-ano-1C-26.png\">2do a\u00f1o<\/a><\/li>\n\n\n\n<li><a href=\"https:\/\/ifdc3-juj.infd.edu.ar\/sitio\/wp-content\/uploads\/2026\/03\/Inicial-TM-3o-ano-1C-26.png\" data-type=\"URL\" data-id=\"https:\/\/ifdc3-juj.infd.edu.ar\/sitio\/wp-content\/uploads\/2026\/03\/Inicial-TM-3o-ano-1C-26.png\" target=\"_blank\" rel=\"noreferrer noopener\">3er a\u00f1o<\/a><\/li>\n\n\n\n<li><a href=\"https:\/\/ifdc3-juj.infd.edu.ar\/sitio\/wp-content\/uploads\/2026\/03\/Inicial-TM-4o-ano-1C-26.png\" data-type=\"URL\" data-id=\"https:\/\/ifdc3-juj.infd.edu.ar\/sitio\/wp-content\/uploads\/2026\/03\/Inicial-TM-4o-ano-1C-26.png\" target=\"_blank\" rel=\"noreferrer noopener\">4to a\u00f1o<\/a><\/li>\n<\/ul>\n\n\n\n<p><strong>Educaci\u00f3n Primaria c\/o en E.P.J.A.  <\/strong><\/p>\n\n\n\n<ul>\n<li><a href=\"https:\/\/ifdc3-juj.infd.edu.ar\/sitio\/wp-content\/uploads\/2026\/04\/EPJA-1o-ano-1C-26.png\" data-type=\"URL\" data-id=\"https:\/\/ifdc3-juj.infd.edu.ar\/sitio\/wp-content\/uploads\/2026\/04\/EPJA-1o-ano-1C-26.png\" target=\"_blank\" rel=\"noreferrer noopener\">1er a\u00f1o<\/a> <\/li>\n\n\n\n<li><a href=\"https:\/\/ifdc3-juj.infd.edu.ar\/sitio\/wp-content\/uploads\/2026\/04\/EPJA-2o-ano-1C-26.png\" data-type=\"URL\" data-id=\"https:\/\/ifdc3-juj.infd.edu.ar\/sitio\/wp-content\/uploads\/2026\/04\/EPJA-2o-ano-1C-26.png\" target=\"_blank\" rel=\"noreferrer noopener\">2do a\u00f1o<\/a><\/li>\n\n\n\n<li><a href=\"https:\/\/ifdc3-juj.infd.edu.ar\/sitio\/wp-content\/uploads\/2026\/04\/EPJA-3o-ano-1C-26.png\" data-type=\"URL\" data-id=\"https:\/\/ifdc3-juj.infd.edu.ar\/sitio\/wp-content\/uploads\/2026\/04\/EPJA-3o-ano-1C-26.png\" target=\"_blank\" rel=\"noreferrer noopener\">3er a\u00f1o<\/a><\/li>\n\n\n\n<li><a href=\"https:\/\/ifdc3-juj.infd.edu.ar\/sitio\/wp-content\/uploads\/2026\/04\/EPJA-4-o-ano-1C-26.png\" data-type=\"URL\" data-id=\"https:\/\/ifdc3-juj.infd.edu.ar\/sitio\/wp-content\/uploads\/2026\/04\/EPJA-4-o-ano-1C-26.png\" target=\"_blank\" rel=\"noreferrer noopener\">4to a\u00f1o<\/a><\/li>\n<\/ul>\n\n\n\n<h2 class=\"wp-block-heading\"><strong>Turno tarde<\/strong><\/h2>\n\n\n\n<p><strong>Educaci\u00f3n Inicial TT<\/strong><\/p>\n\n\n\n<ul>\n<li><a href=\"https:\/\/ifdc3-juj.infd.edu.ar\/sitio\/wp-content\/uploads\/2026\/03\/Inicial-TT-1o-ano-1C-26.png\" data-type=\"URL\" data-id=\"https:\/\/ifdc3-juj.infd.edu.ar\/sitio\/wp-content\/uploads\/2026\/03\/Inicial-TT-1o-ano-1C-26.png\" target=\"_blank\" rel=\"noreferrer noopener\">1er a\u00f1o<\/a><\/li>\n\n\n\n<li><a href=\"https:\/\/ifdc3-juj.infd.edu.ar\/sitio\/wp-content\/uploads\/2026\/03\/Inicial-TT-2o-ano-1C-26.png\" data-type=\"URL\" data-id=\"https:\/\/ifdc3-juj.infd.edu.ar\/sitio\/wp-content\/uploads\/2026\/03\/Inicial-TT-2o-ano-1C-26.png\" target=\"_blank\" rel=\"noreferrer noopener\">2do a\u00f1o<\/a><\/li>\n\n\n\n<li><a href=\"https:\/\/ifdc3-juj.infd.edu.ar\/sitio\/wp-content\/uploads\/2026\/04\/Inicial-TT-3o-ano-1C-26.png\" data-type=\"URL\" data-id=\"https:\/\/ifdc3-juj.infd.edu.ar\/sitio\/wp-content\/uploads\/2026\/04\/Inicial-TT-3o-ano-1C-26.png\" target=\"_blank\" rel=\"noreferrer noopener\">3er a\u00f1o<\/a><\/li>\n\n\n\n<li><a href=\"https:\/\/ifdc3-juj.infd.edu.ar\/sitio\/wp-content\/uploads\/2026\/03\/Inicial-TT-4o-ano-1C-26.png\" data-type=\"URL\" data-id=\"https:\/\/ifdc3-juj.infd.edu.ar\/sitio\/wp-content\/uploads\/2026\/03\/Inicial-TT-4o-ano-1C-26.png\" target=\"_blank\" rel=\"noreferrer noopener\">4to a\u00f1o<\/a><\/li>\n<\/ul>\n\n\n\n<p><strong>Educaci\u00f3n Primaria c\/o en E.I.B.<\/strong><\/p>\n\n\n\n<ul>\n<li><a href=\"https:\/\/ifdc3-juj.infd.edu.ar\/sitio\/wp-content\/uploads\/2026\/04\/EIB-1o-ano-1C-26.png\" data-type=\"URL\" data-id=\"https:\/\/ifdc3-juj.infd.edu.ar\/sitio\/wp-content\/uploads\/2026\/04\/EIB-1o-ano-1C-26.png\" target=\"_blank\" rel=\"noreferrer noopener\">1er a\u00f1o<\/a> <\/li>\n\n\n\n<li><a href=\"https:\/\/ifdc3-juj.infd.edu.ar\/sitio\/wp-content\/uploads\/2026\/04\/EIB-2o-ano-1C-26.png\" data-type=\"URL\" data-id=\"https:\/\/ifdc3-juj.infd.edu.ar\/sitio\/wp-content\/uploads\/2026\/04\/EIB-2o-ano-1C-26.png\" target=\"_blank\" rel=\"noreferrer noopener\">2do a\u00f1o<\/a><\/li>\n\n\n\n<li><a href=\"https:\/\/ifdc3-juj.infd.edu.ar\/sitio\/wp-content\/uploads\/2026\/04\/EIB-3o-ano-1C-26.png\" data-type=\"URL\" data-id=\"https:\/\/ifdc3-juj.infd.edu.ar\/sitio\/wp-content\/uploads\/2026\/04\/EIB-3o-ano-1C-26.png\" target=\"_blank\" rel=\"noreferrer noopener\">3er a\u00f1o<\/a><\/li>\n\n\n\n<li><a href=\"https:\/\/ifdc3-juj.infd.edu.ar\/sitio\/wp-content\/uploads\/2026\/04\/EIB-4o-ano-1C-26.png\" data-type=\"URL\" data-id=\"https:\/\/ifdc3-juj.infd.edu.ar\/sitio\/wp-content\/uploads\/2026\/04\/EIB-4o-ano-1C-26.png\" target=\"_blank\" rel=\"noreferrer noopener\">4to a\u00f1o<\/a><\/li>\n<\/ul>\n","protected":false},"excerpt":{"rendered":"<p>Turno ma\u00f1ana Educaci\u00f3n Inicial TM Educaci\u00f3n Primaria c\/o en E.P.J.A. Turno tarde Educaci\u00f3n Inicial TT Educaci\u00f3n Primaria c\/o en E.I.B.<\/p>\n","protected":false},"author":8528,"featured_media":0,"parent":0,"menu_order":0,"comment_status":"closed","ping_status":"closed","template":"","meta":[],"acf":[],"_links":{"self":[{"href":"https:\/\/ifdc3-juj.infd.edu.ar\/sitio\/wp-json\/wp\/v2\/pages\/7182"}],"collection":[{"href":"https:\/\/ifdc3-juj.infd.edu.ar\/sitio\/wp-json\/wp\/v2\/pages"}],"about":[{"href":"https:\/\/ifdc3-juj.infd.edu.ar\/sitio\/wp-json\/wp\/v2\/types\/page"}],"author":[{"embeddable":true,"href":"https:\/\/ifdc3-juj.infd.edu.ar\/sitio\/wp-json\/wp\/v2\/users\/8528"}],"replies":[{"embeddable":true,"href":"https:\/\/ifdc3-juj.infd.edu.ar\/sitio\/wp-json\/wp\/v2\/comments?post=7182"}],"version-history":[{"count":7,"href":"https:\/\/ifdc3-juj.infd.edu.ar\/sitio\/wp-json\/wp\/v2\/pages\/7182\/revisions"}],"predecessor-version":[{"id":7360,"href":"https:\/\/ifdc3-juj.infd.edu.ar\/sitio\/wp-json\/wp\/v2\/pages\/7182\/revisions\/7360"}],"wp:attachment":[{"href":"https:\/\/ifdc3-juj.infd.edu.ar\/sitio\/wp-json\/wp\/v2\/media?parent=7182"}],"curies":[{"name":"wp","href":"https:\/\/api.w.org\/{rel}","templated":true}]}}