{"id":7256,"date":"2026-03-31T16:22:01","date_gmt":"2026-03-31T19:22:01","guid":{"rendered":"https:\/\/ifdc3-juj.infd.edu.ar\/sitio\/?page_id=7256"},"modified":"2026-03-31T17:35:23","modified_gmt":"2026-03-31T20:35:23","slug":"maestros-en-su-tinta-issn-2422-5983","status":"publish","type":"page","link":"https:\/\/ifdc3-juj.infd.edu.ar\/sitio\/maestros-en-su-tinta-issn-2422-5983\/","title":{"rendered":"Maestros en su Tinta ISSN 2422-5983"},"content":{"rendered":"\n<p><strong><a href=\"https:\/\/maestrosensutinta.weebly.com\/\" data-type=\"URL\" data-id=\"https:\/\/maestrosensutinta.weebly.com\/\" target=\"_blank\" rel=\"noreferrer noopener\">Bolet\u00edn de Ideas  y experiencias pedag\u00f3gicas<\/a><\/strong><\/p>\n\n\n\n<p>N\u00fameros: <\/p>\n\n\n\n<ul>\n<li> <a href=\"https:\/\/docs.google.com\/document\/d\/1FSiHZmAmwc2bY5C7lKoEvljJTH6J3V_JBMXxAy8YaIY\/edit?tab=t.0#heading=h.7ak963tm51kj\" data-type=\"URL\" data-id=\"https:\/\/docs.google.com\/document\/d\/1FSiHZmAmwc2bY5C7lKoEvljJTH6J3V_JBMXxAy8YaIY\/edit?tab=t.0#heading=h.7ak963tm51kj\" target=\"_blank\" rel=\"noreferrer noopener\">Marzo &#8211; Abril 2026<\/a><\/li>\n<\/ul>\n","protected":false},"excerpt":{"rendered":"<p>Bolet\u00edn de Ideas y experiencias pedag\u00f3gicas N\u00fameros:<\/p>\n","protected":false},"author":8528,"featured_media":0,"parent":0,"menu_order":0,"comment_status":"closed","ping_status":"closed","template":"","meta":[],"acf":[],"_links":{"self":[{"href":"https:\/\/ifdc3-juj.infd.edu.ar\/sitio\/wp-json\/wp\/v2\/pages\/7256"}],"collection":[{"href":"https:\/\/ifdc3-juj.infd.edu.ar\/sitio\/wp-json\/wp\/v2\/pages"}],"about":[{"href":"https:\/\/ifdc3-juj.infd.edu.ar\/sitio\/wp-json\/wp\/v2\/types\/page"}],"author":[{"embeddable":true,"href":"https:\/\/ifdc3-juj.infd.edu.ar\/sitio\/wp-json\/wp\/v2\/users\/8528"}],"replies":[{"embeddable":true,"href":"https:\/\/ifdc3-juj.infd.edu.ar\/sitio\/wp-json\/wp\/v2\/comments?post=7256"}],"version-history":[{"count":3,"href":"https:\/\/ifdc3-juj.infd.edu.ar\/sitio\/wp-json\/wp\/v2\/pages\/7256\/revisions"}],"predecessor-version":[{"id":7327,"href":"https:\/\/ifdc3-juj.infd.edu.ar\/sitio\/wp-json\/wp\/v2\/pages\/7256\/revisions\/7327"}],"wp:attachment":[{"href":"https:\/\/ifdc3-juj.infd.edu.ar\/sitio\/wp-json\/wp\/v2\/media?parent=7256"}],"curies":[{"name":"wp","href":"https:\/\/api.w.org\/{rel}","templated":true}]}}