{"id":7381,"date":"2026-04-24T10:12:29","date_gmt":"2026-04-24T13:12:29","guid":{"rendered":"https:\/\/ifdc3-juj.infd.edu.ar\/sitio\/?page_id=7381"},"modified":"2026-05-13T15:31:47","modified_gmt":"2026-05-13T18:31:47","slug":"formacion-continua-y-desarrollo-profesional-2","status":"publish","type":"page","link":"https:\/\/ifdc3-juj.infd.edu.ar\/sitio\/formacion-continua-y-desarrollo-profesional-2\/","title":{"rendered":"Formaci\u00f3n Continua y Desarrollo Profesional"},"content":{"rendered":"\n<p><strong>Acciones 2026<\/strong><\/p>\n\n\n\n<figure class=\"wp-block-table\"><table><tbody><tr><td><strong>Ord<\/strong><\/td><td><strong>Denominaci\u00f3n<\/strong> &#8211; <strong>flyer<\/strong><\/td><td><strong>Inscripci\u00f3n <\/strong><\/td><td><strong>Observaci\u00f3n<\/strong><\/td><\/tr><tr><td>01<\/td><td><a href=\"https:\/\/ifdc3-juj.infd.edu.ar\/sitio\/wp-content\/uploads\/2026\/04\/1-Alfabetizacion-desde-lo-cuentos-infantiles.jpeg\" data-type=\"URL\" data-id=\"https:\/\/ifdc3-juj.infd.edu.ar\/sitio\/wp-content\/uploads\/2026\/04\/1-Alfabetizacion-desde-lo-cuentos-infantiles.jpeg\" target=\"_blank\" rel=\"noreferrer noopener\">Alfabetizar desde los cuentos infantiles<\/a><\/td><td>en Susques <\/td><td>concluido<\/td><\/tr><tr><td>02<\/td><td><a href=\"https:\/\/ifdc3-juj.infd.edu.ar\/sitio\/wp-content\/uploads\/2026\/05\/1-la-planificacion-didactica-en-el-nivel-inicial.png\" data-type=\"URL\" data-id=\"https:\/\/ifdc3-juj.infd.edu.ar\/sitio\/wp-content\/uploads\/2026\/05\/1-la-planificacion-didactica-en-el-nivel-inicial.png\" target=\"_blank\" rel=\"noreferrer noopener\">La planificaci\u00f3n did\u00e1ctica en el nivel inicial<\/a><\/td><td>en Susques <\/td><td>a dictarse en<br> Susques<\/td><\/tr><tr><td>03<\/td><td><a href=\"https:\/\/ifdc3-juj.infd.edu.ar\/sitio\/wp-content\/uploads\/2026\/05\/2-el-teatro-juego-y-accion.png\" data-type=\"URL\" data-id=\"https:\/\/ifdc3-juj.infd.edu.ar\/sitio\/wp-content\/uploads\/2026\/05\/2-el-teatro-juego-y-accion.png\">El teatro juego y acci\u00f3n<\/a><\/td><td><a href=\"https:\/\/docs.google.com\/forms\/d\/e\/1FAIpQLSeg2pk2402gU7vS4bHcRJjv1zs-shCW7yEC3ku6_5edLFD_pg\/viewform?usp=dialog\" data-type=\"URL\" data-id=\"https:\/\/docs.google.com\/forms\/d\/e\/1FAIpQLSeg2pk2402gU7vS4bHcRJjv1zs-shCW7yEC3ku6_5edLFD_pg\/viewform?usp=dialog\" target=\"_blank\" rel=\"noreferrer noopener\">IES 3<\/a><strong><br><\/strong><a href=\"https:\/\/docs.google.com\/forms\/d\/e\/1FAIpQLSd9ib1swr87ABCreF_J9JjoHkhKFUwiTdmDEof_J93yYmUcmg\/viewform?usp=dialog\" data-type=\"URL\" data-id=\"https:\/\/docs.google.com\/forms\/d\/e\/1FAIpQLSd9ib1swr87ABCreF_J9JjoHkhKFUwiTdmDEof_J93yYmUcmg\/viewform?usp=dialog\" target=\"_blank\" rel=\"noreferrer noopener\">Otros IES<\/a><\/td><td>Cupo cerrado<\/td><\/tr><tr><td>04<\/td><td><a href=\"https:\/\/ifdc3-juj.infd.edu.ar\/sitio\/wp-content\/uploads\/2026\/05\/3-Estrategias-para-alfabetizacion-en-aulas-heterogeneas.png\" data-type=\"URL\" data-id=\"https:\/\/ifdc3-juj.infd.edu.ar\/sitio\/wp-content\/uploads\/2026\/05\/3-Estrategias-para-alfabetizacion-en-aulas-heterogeneas.png\" target=\"_blank\" rel=\"noreferrer noopener\">Estrategias para alfabetizaci\u00f3n en aulas heterog\u00e9neas<\/a><\/td><td><a href=\"https:\/\/docs.google.com\/forms\/d\/e\/1FAIpQLScGE_TeswhEtj0Bx0bybzKg4f5CUVRkfofpdw3VxLEnMsN_0w\/viewform?usp=dialog\" data-type=\"URL\" data-id=\"https:\/\/docs.google.com\/forms\/d\/e\/1FAIpQLScGE_TeswhEtj0Bx0bybzKg4f5CUVRkfofpdw3VxLEnMsN_0w\/viewform?usp=dialog\" target=\"_blank\" rel=\"noreferrer noopener\">IES 3<\/a><strong><br><\/strong><a href=\"https:\/\/docs.google.com\/forms\/d\/e\/1FAIpQLSd7ES_1odvBlaVrHE9oDiWgOmxfH-h8D_ElGPKDHXGOqt_C4w\/viewform?usp=dialog\" data-type=\"URL\" data-id=\"https:\/\/docs.google.com\/forms\/d\/e\/1FAIpQLSd7ES_1odvBlaVrHE9oDiWgOmxfH-h8D_ElGPKDHXGOqt_C4w\/viewform?usp=dialog\" target=\"_blank\" rel=\"noreferrer noopener\">Otros IES<\/a><\/td><td>Cupo cerrado<\/td><\/tr><tr><td>05<\/td><td><a href=\"https:\/\/ifdc3-juj.infd.edu.ar\/sitio\/wp-content\/uploads\/2026\/05\/4-estrategias-con-la-IA-PARA-INICIAL-Y-PRIMARIO.png\" data-type=\"URL\" data-id=\"https:\/\/ifdc3-juj.infd.edu.ar\/sitio\/wp-content\/uploads\/2026\/05\/4-estrategias-con-la-IA-PARA-INICIAL-Y-PRIMARIO.png\" target=\"_blank\" rel=\"noreferrer noopener\">Estrategias con la IA PARA INICIAL Y PRIMARIO<\/a><\/td><td><a href=\"https:\/\/docs.google.com\/forms\/d\/e\/1FAIpQLScKPGACWmMyZUWpVdzQxhTCB9XBoQHuU2RH5Ox6JFwAue4nuw\/viewform?usp=dialog\" data-type=\"URL\" data-id=\"https:\/\/docs.google.com\/forms\/d\/e\/1FAIpQLScKPGACWmMyZUWpVdzQxhTCB9XBoQHuU2RH5Ox6JFwAue4nuw\/viewform?usp=dialog\" target=\"_blank\" rel=\"noreferrer noopener\">IES 3<\/a><strong><br><\/strong><a href=\"https:\/\/docs.google.com\/forms\/d\/e\/1FAIpQLSdwualOq5WBnYnuADJ8yvtIR-6RSfwIvfxl_SckDZQSlWKL2Q\/viewform?usp=dialog\" data-type=\"URL\" data-id=\"https:\/\/docs.google.com\/forms\/d\/e\/1FAIpQLSdwualOq5WBnYnuADJ8yvtIR-6RSfwIvfxl_SckDZQSlWKL2Q\/viewform?usp=dialog\" target=\"_blank\" rel=\"noreferrer noopener\">Otros IES<\/a><\/td><td>Cupo cerrado<\/td><\/tr><tr><td>06<\/td><td><strong>&nbsp;<\/strong><a href=\"https:\/\/ifdc3-juj.infd.edu.ar\/sitio\/wp-content\/uploads\/2026\/05\/5-IA-que-transforma.png\" data-type=\"URL\" data-id=\"https:\/\/ifdc3-juj.infd.edu.ar\/sitio\/wp-content\/uploads\/2026\/05\/5-IA-que-transforma.png\" target=\"_blank\" rel=\"noreferrer noopener\">IA que transforma<\/a><\/td><td><a href=\"https:\/\/docs.google.com\/forms\/d\/e\/1FAIpQLSfuuXuCIjHjbFe91ifEe8SvXh2Lhl44B2xgywcrwp5sBLfSpw\/viewform?usp=publish-editor\" data-type=\"URL\" data-id=\"https:\/\/docs.google.com\/forms\/d\/e\/1FAIpQLSfuuXuCIjHjbFe91ifEe8SvXh2Lhl44B2xgywcrwp5sBLfSpw\/viewform?usp=publish-editor\" target=\"_blank\" rel=\"noreferrer noopener\">IES 3<\/a><br><a href=\"https:\/\/docs.google.com\/forms\/d\/e\/1FAIpQLScOppxzi6pAH3xMCMT0_gyFPbUYKnjiQPr3geRWd8KrsgXHtw\/viewform?usp=publish-editor\" data-type=\"URL\" data-id=\"https:\/\/docs.google.com\/forms\/d\/e\/1FAIpQLScOppxzi6pAH3xMCMT0_gyFPbUYKnjiQPr3geRWd8KrsgXHtw\/viewform?usp=publish-editor\" target=\"_blank\" rel=\"noreferrer noopener\">Otros IES<\/a><\/td><td>Cupo cerrado<\/td><\/tr><tr><td>07<\/td><td><a href=\"https:\/\/ifdc3-juj.infd.edu.ar\/sitio\/wp-content\/uploads\/2026\/05\/Practica-Pedagogica-Cs-Soc.png\" data-type=\"URL\" data-id=\"https:\/\/ifdc3-juj.infd.edu.ar\/sitio\/wp-content\/uploads\/2026\/05\/Practica-Pedagogica-Cs-Soc.png\" target=\"_blank\" rel=\"noreferrer noopener\">Pr\u00e1cticas pedag\u00f3gicas desde las Cs. Sociales<\/a><\/td><td><a href=\"https:\/\/docs.google.com\/forms\/d\/e\/1FAIpQLSf6YxjsfUkuXvGr9RrqIZg2ZoWHy8FP4bLsmfq2HZ5Ti_u7lQ\/viewform?usp=dialog\" data-type=\"URL\" data-id=\"https:\/\/docs.google.com\/forms\/d\/e\/1FAIpQLSf6YxjsfUkuXvGr9RrqIZg2ZoWHy8FP4bLsmfq2HZ5Ti_u7lQ\/viewform?usp=dialog\" target=\"_blank\" rel=\"noreferrer noopener\">PREINSCRIPCI\u00d3N >> 16:00 Hs<\/a><\/td><td>Ver &gt;&gt;<strong><a href=\"https:\/\/ifdc3-juj.infd.edu.ar\/sitio\/wp-content\/uploads\/2026\/05\/Practica-Pedagogica-Cs-Soc.png\" data-type=\"URL\" data-id=\"https:\/\/ifdc3-juj.infd.edu.ar\/sitio\/wp-content\/uploads\/2026\/05\/Practica-Pedagogica-Cs-Soc.png\" target=\"_blank\" rel=\"noreferrer noopener\"> FLYER<\/a><\/strong><br>Destinatarios (doc. noveles)  y costos<br>bono $30.000 viaje de estudio $20.000 y 100 % presencial<br><\/td><\/tr><tr><td><\/td><td><\/td><td><\/td><td><\/td><\/tr><tr><td><\/td><td><\/td><td><\/td><td><\/td><\/tr><\/tbody><\/table><\/figure>\n","protected":false},"excerpt":{"rendered":"<p>Acciones 2026 Ord Denominaci\u00f3n &#8211; flyer Inscripci\u00f3n Observaci\u00f3n 01 Alfabetizar desde los cuentos infantiles en Susques concluido 02 La planificaci\u00f3n did\u00e1ctica en el nivel inicial en Susques a dictarse en Susques 03 El teatro juego y acci\u00f3n IES 3Otros IES Cupo cerrado 04 Estrategias para alfabetizaci\u00f3n en aulas heterog\u00e9neas IES 3Otros IES Cupo cerrado 05 &#8230; <a title=\"Formaci\u00f3n Continua y Desarrollo Profesional\" class=\"read-more\" href=\"https:\/\/ifdc3-juj.infd.edu.ar\/sitio\/formacion-continua-y-desarrollo-profesional-2\/\" aria-label=\"More on Formaci\u00f3n Continua y Desarrollo Profesional\">[+]<\/a><\/p>\n","protected":false},"author":8528,"featured_media":0,"parent":0,"menu_order":0,"comment_status":"closed","ping_status":"closed","template":"","meta":[],"acf":[],"_links":{"self":[{"href":"https:\/\/ifdc3-juj.infd.edu.ar\/sitio\/wp-json\/wp\/v2\/pages\/7381"}],"collection":[{"href":"https:\/\/ifdc3-juj.infd.edu.ar\/sitio\/wp-json\/wp\/v2\/pages"}],"about":[{"href":"https:\/\/ifdc3-juj.infd.edu.ar\/sitio\/wp-json\/wp\/v2\/types\/page"}],"author":[{"embeddable":true,"href":"https:\/\/ifdc3-juj.infd.edu.ar\/sitio\/wp-json\/wp\/v2\/users\/8528"}],"replies":[{"embeddable":true,"href":"https:\/\/ifdc3-juj.infd.edu.ar\/sitio\/wp-json\/wp\/v2\/comments?post=7381"}],"version-history":[{"count":6,"href":"https:\/\/ifdc3-juj.infd.edu.ar\/sitio\/wp-json\/wp\/v2\/pages\/7381\/revisions"}],"predecessor-version":[{"id":7443,"href":"https:\/\/ifdc3-juj.infd.edu.ar\/sitio\/wp-json\/wp\/v2\/pages\/7381\/revisions\/7443"}],"wp:attachment":[{"href":"https:\/\/ifdc3-juj.infd.edu.ar\/sitio\/wp-json\/wp\/v2\/media?parent=7381"}],"curies":[{"name":"wp","href":"https:\/\/api.w.org\/{rel}","templated":true}]}}